{"id":1383,"date":"2022-12-02T07:28:41","date_gmt":"2022-12-02T07:28:41","guid":{"rendered":"https:\/\/bridgebuilders.de\/?page_id=1383"},"modified":"2023-01-13T15:54:05","modified_gmt":"2023-01-13T15:54:05","slug":"methoden","status":"publish","type":"page","link":"https:\/\/bridgebuilders.de\/de\/methoden\/","title":{"rendered":"Methoden"},"content":{"rendered":"\t\t<div data-elementor-type=\"wp-page\" data-elementor-id=\"1383\" class=\"elementor elementor-1383\" data-elementor-post-type=\"page\">\n\t\t\t\t<div class=\"elementor-element elementor-element-0356f36 e-flex e-con-boxed e-con e-parent\" data-id=\"0356f36\" data-element_type=\"container\" data-e-type=\"container\">\n\t\t\t\t\t<div class=\"e-con-inner\">\n\t\t<div class=\"elementor-element elementor-element-7f2dedf e-con-full e-flex e-con e-child\" data-id=\"7f2dedf\" data-element_type=\"container\" data-e-type=\"container\">\n\t\t\t\t<div class=\"elementor-element elementor-element-786b52a elementor-widget elementor-widget-heading\" data-id=\"786b52a\" data-element_type=\"widget\" data-e-type=\"widget\" data-widget_type=\"heading.default\">\n\t\t\t\t<div class=\"elementor-widget-container\">\n\t\t\t\t\t<h6 class=\"elementor-heading-title elementor-size-default\"><a href=\"https:\/\/bridgebuilders.de\/leistungen\/\">zur\u00fcck zuR \u00dcbersicht.<\/a><\/h6>\t\t\t\t<\/div>\n\t\t\t\t<\/div>\n\t\t\t\t<div class=\"elementor-element elementor-element-f9ddc23 elementor-widget elementor-widget-heading\" data-id=\"f9ddc23\" data-element_type=\"widget\" data-e-type=\"widget\" data-widget_type=\"heading.default\">\n\t\t\t\t<div class=\"elementor-widget-container\">\n\t\t\t\t\t<h1 class=\"elementor-heading-title elementor-size-default\">Methoden.<\/h1>\t\t\t\t<\/div>\n\t\t\t\t<\/div>\n\t\t\t\t<div class=\"elementor-element elementor-element-b64059c strich-animation elementor-widget elementor-widget-image\" data-id=\"b64059c\" data-element_type=\"widget\" data-e-type=\"widget\" data-widget_type=\"image.default\">\n\t\t\t\t<div class=\"elementor-widget-container\">\n\t\t\t\t\t\t\t\t\t\t\t\t\t\t\t<img decoding=\"async\" width=\"565\" height=\"12\" data-src=\"https:\/\/bridgebuilders.de\/wp-content\/uploads\/2022\/09\/Rechteck-5.png\" class=\"attachment-large size-large wp-image-55 lazyload\" alt=\"\" data-srcset=\"https:\/\/bridgebuilders.de\/wp-content\/uploads\/2022\/09\/Rechteck-5.png 565w, https:\/\/bridgebuilders.de\/wp-content\/uploads\/2022\/09\/Rechteck-5-300x6.png 300w\" data-sizes=\"(max-width: 565px) 100vw, 565px\" src=\"data:image\/svg+xml;base64,PHN2ZyB3aWR0aD0iMSIgaGVpZ2h0PSIxIiB4bWxucz0iaHR0cDovL3d3dy53My5vcmcvMjAwMC9zdmciPjwvc3ZnPg==\" style=\"--smush-placeholder-width: 565px; --smush-placeholder-aspect-ratio: 565\/12;\" \/>\t\t\t\t\t\t\t\t\t\t\t\t\t\t\t<\/div>\n\t\t\t\t<\/div>\n\t\t\t\t<div class=\"elementor-element elementor-element-dd35ea4 elementor-widget elementor-widget-text-editor\" data-id=\"dd35ea4\" data-element_type=\"widget\" data-e-type=\"widget\" data-widget_type=\"text-editor.default\">\n\t\t\t\t<div class=\"elementor-widget-container\">\n\t\t\t\t\t\t\t\t\t<p>Wir\u00a0arbeiten\u00a0mit unterschiedlichen Projektmanagement-Methoden. Diese sind unter anderem PDCA, DMAIC, OKR &amp; Scrum. Wir verwenden eine Methodik bedarfsorientiert, denn es gibt aus unserer Sicht keine grunds\u00e4tzlich anwendbare\u00a0Methodik. Hinsichtlich der Bearbeitung von Zielen eines Unternehmens mit denen von Teams und Mitarbeitern bevorzugen wir die Methode OKR (Objectives and Key Results). Alle Methoden eint eine gewisse Grundordnung und klare Definition von Rollen und\/oder Projektschritten &#8211; f\u00fcr uns unerl\u00e4sslich. Ein theoretisches Verst\u00e4ndnis ist unseres Erachtens die Basis jeden Arbeitens.<\/p>\t\t\t\t\t\t\t\t<\/div>\n\t\t\t\t<\/div>\n\t\t\t\t<\/div>\n\t\t<div class=\"elementor-element elementor-element-86948ef e-con-full e-flex e-con e-child\" data-id=\"86948ef\" data-element_type=\"container\" data-e-type=\"container\">\n\t\t\t\t<div class=\"elementor-element elementor-element-17ec002 elementor-widget elementor-widget-image\" data-id=\"17ec002\" data-element_type=\"widget\" data-e-type=\"widget\" data-widget_type=\"image.default\">\n\t\t\t\t<div class=\"elementor-widget-container\">\n\t\t\t\t\t\t\t\t\t\t\t\t\t\t\t<img fetchpriority=\"high\" decoding=\"async\" width=\"800\" height=\"473\" src=\"https:\/\/bridgebuilders.de\/wp-content\/uploads\/2022\/12\/20220923_P22-0195_projekte-1.svg\" class=\"attachment-large size-large wp-image-2386\" alt=\"\" \/>\t\t\t\t\t\t\t\t\t\t\t\t\t\t\t<\/div>\n\t\t\t\t<\/div>\n\t\t\t\t<\/div>\n\t\t\t\t\t<\/div>\n\t\t\t\t<\/div>\n\t\t\t\t<\/div>\n\t\t","protected":false},"excerpt":{"rendered":"<p>zur\u00fcck zuR \u00dcbersicht. Methoden. Wir&nbsp;arbeiten&nbsp;mit unterschiedlichen Projektmanagement-Methoden. Diese sind unter anderem PDCA, DMAIC, OKR &amp; Scrum. Wir verwenden eine Methodik bedarfsorientiert, denn es gibt aus unserer Sicht keine grunds\u00e4tzlich anwendbare&nbsp;Methodik. Hinsichtlich der Bearbeitung von Zielen eines Unternehmens mit denen von Teams und Mitarbeitern bevorzugen wir die Methode OKR (Objectives and Key Results). Alle Methoden eint [&hellip;]<\/p>\n","protected":false},"author":1,"featured_media":1343,"parent":0,"menu_order":0,"comment_status":"closed","ping_status":"closed","template":"","meta":{"footnotes":""},"class_list":["post-1383","page","type-page","status-publish","has-post-thumbnail","hentry"],"_links":{"self":[{"href":"https:\/\/bridgebuilders.de\/de\/wp-json\/wp\/v2\/pages\/1383","targetHints":{"allow":["GET"]}}],"collection":[{"href":"https:\/\/bridgebuilders.de\/de\/wp-json\/wp\/v2\/pages"}],"about":[{"href":"https:\/\/bridgebuilders.de\/de\/wp-json\/wp\/v2\/types\/page"}],"author":[{"embeddable":true,"href":"https:\/\/bridgebuilders.de\/de\/wp-json\/wp\/v2\/users\/1"}],"replies":[{"embeddable":true,"href":"https:\/\/bridgebuilders.de\/de\/wp-json\/wp\/v2\/comments?post=1383"}],"version-history":[{"count":0,"href":"https:\/\/bridgebuilders.de\/de\/wp-json\/wp\/v2\/pages\/1383\/revisions"}],"wp:featuredmedia":[{"embeddable":true,"href":"https:\/\/bridgebuilders.de\/de\/wp-json\/wp\/v2\/media\/1343"}],"wp:attachment":[{"href":"https:\/\/bridgebuilders.de\/de\/wp-json\/wp\/v2\/media?parent=1383"}],"curies":[{"name":"wp","href":"https:\/\/api.w.org\/{rel}","templated":true}]}}