{"id":225,"date":"2022-09-09T15:35:03","date_gmt":"2022-09-09T15:35:03","guid":{"rendered":"https:\/\/bridgebuilders.de\/?page_id=225"},"modified":"2025-08-19T09:25:28","modified_gmt":"2025-08-19T09:25:28","slug":"netzwerk","status":"publish","type":"page","link":"https:\/\/bridgebuilders.de\/de\/netzwerk\/","title":{"rendered":"Netzwerk"},"content":{"rendered":"\t\t<div data-elementor-type=\"wp-page\" data-elementor-id=\"225\" class=\"elementor elementor-225\" data-elementor-post-type=\"page\">\n\t\t\t\t<div class=\"elementor-element elementor-element-a7ca54a e-flex e-con-boxed e-con e-parent\" data-id=\"a7ca54a\" data-element_type=\"container\" data-e-type=\"container\">\n\t\t\t\t\t<div class=\"e-con-inner\">\n\t\t<div class=\"elementor-element elementor-element-cabd8e2 e-con-full e-flex e-con e-child\" data-id=\"cabd8e2\" data-element_type=\"container\" data-e-type=\"container\">\n\t\t\t\t<div class=\"elementor-element elementor-element-28b6a28 elementor-widget elementor-widget-heading\" data-id=\"28b6a28\" data-element_type=\"widget\" data-e-type=\"widget\" data-widget_type=\"heading.default\">\n\t\t\t\t<div class=\"elementor-widget-container\">\n\t\t\t\t\t<h6 class=\"elementor-heading-title elementor-size-default\">Professionelles Netzwerk<\/h6>\t\t\t\t<\/div>\n\t\t\t\t<\/div>\n\t\t\t\t<div class=\"elementor-element elementor-element-56a2416 elementor-widget elementor-widget-heading\" data-id=\"56a2416\" data-element_type=\"widget\" data-e-type=\"widget\" data-widget_type=\"heading.default\">\n\t\t\t\t<div class=\"elementor-widget-container\">\n\t\t\t\t\t<h1 class=\"elementor-heading-title elementor-size-default\">\nPartnerschaften f\u00fcr ganzheitliche Beratung.\n<\/h1>\t\t\t\t<\/div>\n\t\t\t\t<\/div>\n\t\t\t\t<div class=\"elementor-element elementor-element-90c3b9d strich-animation elementor-widget elementor-widget-image\" data-id=\"90c3b9d\" data-element_type=\"widget\" data-e-type=\"widget\" data-widget_type=\"image.default\">\n\t\t\t\t<div class=\"elementor-widget-container\">\n\t\t\t\t\t\t\t\t\t\t\t\t\t\t\t<img decoding=\"async\" width=\"565\" height=\"12\" data-src=\"https:\/\/bridgebuilders.de\/wp-content\/uploads\/2022\/09\/Rechteck-5.png\" class=\"attachment-large size-large wp-image-55 lazyload\" alt=\"\" data-srcset=\"https:\/\/bridgebuilders.de\/wp-content\/uploads\/2022\/09\/Rechteck-5.png 565w, https:\/\/bridgebuilders.de\/wp-content\/uploads\/2022\/09\/Rechteck-5-300x6.png 300w\" data-sizes=\"(max-width: 565px) 100vw, 565px\" src=\"data:image\/svg+xml;base64,PHN2ZyB3aWR0aD0iMSIgaGVpZ2h0PSIxIiB4bWxucz0iaHR0cDovL3d3dy53My5vcmcvMjAwMC9zdmciPjwvc3ZnPg==\" style=\"--smush-placeholder-width: 565px; --smush-placeholder-aspect-ratio: 565\/12;\" \/>\t\t\t\t\t\t\t\t\t\t\t\t\t\t\t<\/div>\n\t\t\t\t<\/div>\n\t\t\t\t<div class=\"elementor-element elementor-element-7e933d7 elementor-widget elementor-widget-text-editor\" data-id=\"7e933d7\" data-element_type=\"widget\" data-e-type=\"widget\" data-widget_type=\"text-editor.default\">\n\t\t\t\t<div class=\"elementor-widget-container\">\n\t\t\t\t\t\t\t\t\t<p>Ein erfolgreiches Family Office zeichnet sich nicht nur durch exzellente Beratung aus, sondern auch durch ein starkes Netzwerk an Kooperationspartnern aus verschiedenen Branchen. Bei bridge builders verstehen wir die Bedeutung dieser Partnerschaften und haben gezielt strategische Allianzen geschaffen, um ein umfassendes Beratungspotenzial anzubieten.<\/p>\t\t\t\t\t\t\t\t<\/div>\n\t\t\t\t<\/div>\n\t\t\t\t<\/div>\n\t\t<div class=\"elementor-element elementor-element-ca04cdf e-con-full e-flex e-con e-child\" data-id=\"ca04cdf\" data-element_type=\"container\" data-e-type=\"container\">\n\t\t\t\t<div class=\"elementor-element elementor-element-c34aa28 elementor-widget elementor-widget-image\" data-id=\"c34aa28\" data-element_type=\"widget\" data-e-type=\"widget\" data-widget_type=\"image.default\">\n\t\t\t\t<div class=\"elementor-widget-container\">\n\t\t\t\t\t\t\t\t\t\t\t\t\t\t\t<img fetchpriority=\"high\" decoding=\"async\" width=\"800\" height=\"949\" src=\"https:\/\/bridgebuilders.de\/wp-content\/uploads\/2022\/12\/20220923_P22-0195_netzwerk-1.svg\" class=\"attachment-large size-large wp-image-2385\" alt=\"\" \/>\t\t\t\t\t\t\t\t\t\t\t\t\t\t\t<\/div>\n\t\t\t\t<\/div>\n\t\t\t\t<\/div>\n\t\t\t\t\t<\/div>\n\t\t\t\t<\/div>\n\t\t<div class=\"elementor-element elementor-element-28cbf57 e-flex e-con-boxed e-con e-parent\" data-id=\"28cbf57\" data-element_type=\"container\" data-e-type=\"container\">\n\t\t\t\t\t<div class=\"e-con-inner\">\n\t\t<div class=\"elementor-element elementor-element-a07cbdb e-con-full e-flex e-con e-child\" data-id=\"a07cbdb\" data-element_type=\"container\" data-e-type=\"container\">\n\t\t\t\t<div class=\"elementor-element elementor-element-9276f66 elementor-widget elementor-widget-heading\" data-id=\"9276f66\" data-element_type=\"widget\" data-e-type=\"widget\" data-widget_type=\"heading.default\">\n\t\t\t\t<div class=\"elementor-widget-container\">\n\t\t\t\t\t<h2 class=\"elementor-heading-title elementor-size-default\">Steuerrechtliche Expertise und mehr: Krieger &amp; Team\n<\/h2>\t\t\t\t<\/div>\n\t\t\t\t<\/div>\n\t\t\t\t<div class=\"elementor-element elementor-element-b3c9c3b elementor-widget elementor-widget-text-editor\" data-id=\"b3c9c3b\" data-element_type=\"widget\" data-e-type=\"widget\" data-widget_type=\"text-editor.default\">\n\t\t\t\t<div class=\"elementor-widget-container\">\n\t\t\t\t\t\t\t\t\t<p>Ein zentraler Partner in unserem Netzwerk ist die renommierte Unternehmensberatung Krieger &amp; Team, die sich auf steuerrechtliche Fragestellungen spezialisiert hat. Mit ihrem fundierten Know-how unterst\u00fctzen sie nicht nur bei der optimalen Gestaltung der steuerlichen Situation, sondern bieten auch umfassende Leistungen in den Bereichen Buchhaltung und Steuererkl\u00e4rung an. Dies ist besonders wichtig f\u00fcr Family Offices, die komplexe finanzielle Strukturen verwalten.<\/p>\n<p>Dar\u00fcber hinaus ist Krieger &amp; Team auf Transformationsmanagement spezialisiert, ein Schl\u00fcsselfaktor f\u00fcr Family Offices, die sich mit Beteiligungsgesellschaften und komplexen Unternehmensstrukturen befassen. Ihre Expertise tr\u00e4gt dazu bei, Ver\u00e4nderungen effizient zu gestalten und langfristigen Erfolg zu sichern.<\/p>\t\t\t\t\t\t\t\t<\/div>\n\t\t\t\t<\/div>\n\t\t\t\t<\/div>\n\t\t<div class=\"elementor-element elementor-element-3219298 e-con-full e-flex e-con e-child\" data-id=\"3219298\" data-element_type=\"container\" data-e-type=\"container\">\n\t\t\t\t<div class=\"elementor-element elementor-element-5c48c63 elementor-widget elementor-widget-image\" data-id=\"5c48c63\" data-element_type=\"widget\" data-e-type=\"widget\" data-widget_type=\"image.default\">\n\t\t\t\t<div class=\"elementor-widget-container\">\n\t\t\t\t\t\t\t\t\t\t\t\t\t\t\t<img decoding=\"async\" width=\"800\" height=\"958\" data-src=\"https:\/\/bridgebuilders.de\/wp-content\/uploads\/2022\/12\/20220923_P22-0195_change-mgmt-1.svg\" class=\"attachment-large size-large wp-image-2383 lazyload\" alt=\"\" src=\"data:image\/svg+xml;base64,PHN2ZyB3aWR0aD0iMSIgaGVpZ2h0PSIxIiB4bWxucz0iaHR0cDovL3d3dy53My5vcmcvMjAwMC9zdmciPjwvc3ZnPg==\" style=\"--smush-placeholder-width: 800px; --smush-placeholder-aspect-ratio: 800\/958;\" \/>\t\t\t\t\t\t\t\t\t\t\t\t\t\t\t<\/div>\n\t\t\t\t<\/div>\n\t\t\t\t<\/div>\n\t\t\t\t\t<\/div>\n\t\t\t\t<\/div>\n\t\t<div class=\"elementor-element elementor-element-fc288f0 e-grid e-con-boxed e-con e-parent\" data-id=\"fc288f0\" data-element_type=\"container\" data-e-type=\"container\">\n\t\t\t\t\t<div class=\"e-con-inner\">\n\t\t<div class=\"elementor-element elementor-element-0af8d4f e-con-full e-flex e-con e-child\" data-id=\"0af8d4f\" data-element_type=\"container\" data-e-type=\"container\">\n\t\t\t\t<div class=\"elementor-element elementor-element-0e83876 elementor-widget elementor-widget-heading\" data-id=\"0e83876\" data-element_type=\"widget\" data-e-type=\"widget\" data-widget_type=\"heading.default\">\n\t\t\t\t<div class=\"elementor-widget-container\">\n\t\t\t\t\t<h2 class=\"elementor-heading-title elementor-size-default\">Vielseitige Partner aus Marketing und Software&shy;entwicklung<\/h2>\t\t\t\t<\/div>\n\t\t\t\t<\/div>\n\t\t\t\t<div class=\"elementor-element elementor-element-7ccbaf4 elementor-widget elementor-widget-text-editor\" data-id=\"7ccbaf4\" data-element_type=\"widget\" data-e-type=\"widget\" data-widget_type=\"text-editor.default\">\n\t\t\t\t<div class=\"elementor-widget-container\">\n\t\t\t\t\t\t\t\t\t<p>Zus\u00e4tzlich zu unserer Kooperation mit Krieger &amp; Team arbeiten wir eng mit weiteren Partnern aus verschiedenen Bereichen zusammen. Unternehmen, die sich auf Marketing spezialisiert haben, unterst\u00fctzen uns dabei, die Sichtbarkeit und Positionierung unserer Kund*innen zu st\u00e4rken. Diese Partnerschaften sind essentiell f\u00fcr die erfolgreiche Positionierung von Family Offices und deren Beteiligungsgesellschaften.<\/p><p>Im Bereich der Softwareprogrammierung kooperieren wir mit Expert*innen, die ma\u00dfgeschneiderte L\u00f6sungen entwickeln, um die Effizienz und Sicherheit der Datenverwaltung unserer Kunden zu gew\u00e4hrleisten. Diese technologische Unterst\u00fctzung ist unabdingbar in der heutigen digitalen Welt und tr\u00e4gt dazu bei, unsere Dienstleistungen auf h\u00f6chstem Niveau anzubieten.<\/p>\t\t\t\t\t\t\t\t<\/div>\n\t\t\t\t<\/div>\n\t\t\t\t<\/div>\n\t\t<div class=\"elementor-element elementor-element-3dfa253 e-con-full e-flex e-con e-child\" data-id=\"3dfa253\" data-element_type=\"container\" data-e-type=\"container\">\n\t\t\t\t<div class=\"elementor-element elementor-element-7d57973 elementor-widget elementor-widget-heading\" data-id=\"7d57973\" data-element_type=\"widget\" data-e-type=\"widget\" data-widget_type=\"heading.default\">\n\t\t\t\t<div class=\"elementor-widget-container\">\n\t\t\t\t\t<h2 class=\"elementor-heading-title elementor-size-default\">Umfassende rechtliche Unterst\u00fctzung <\/h2>\t\t\t\t<\/div>\n\t\t\t\t<\/div>\n\t\t\t\t<div class=\"elementor-element elementor-element-2e7dead elementor-widget elementor-widget-text-editor\" data-id=\"2e7dead\" data-element_type=\"widget\" data-e-type=\"widget\" data-widget_type=\"text-editor.default\">\n\t\t\t\t<div class=\"elementor-widget-container\">\n\t\t\t\t\t\t\t\t\t<p>Jurist*innen und spezialisierte Fachanw\u00e4lt*innen\u00a0 unterst\u00fctzen unsere Kund*innen in allen rechtlichen Belangen, sei es im Bereich Vertragsrecht, Erbrecht oder bei der rechtlichen Strukturierung von Beteiligungen. Ihre fundierte Fachkompetenz gew\u00e4hrleistet rechtliche Sicherheit und unterst\u00fctzt die langfristige Planung und Entwicklung Ihrer Familienverm\u00f6gen und Beteiligungen.<\/p>\t\t\t\t\t\t\t\t<\/div>\n\t\t\t\t<\/div>\n\t\t\t\t<\/div>\n\t\t\t\t\t<\/div>\n\t\t\t\t<\/div>\n\t\t<div class=\"elementor-element elementor-element-8ea58fb e-flex e-con-boxed e-con e-parent\" data-id=\"8ea58fb\" data-element_type=\"container\" data-e-type=\"container\">\n\t\t\t\t\t<div class=\"e-con-inner\">\n\t\t<div class=\"elementor-element elementor-element-34e1235 e-con-full e-flex e-con e-child\" data-id=\"34e1235\" data-element_type=\"container\" data-e-type=\"container\">\n\t\t\t\t<div class=\"elementor-element elementor-element-4dc6c1e elementor-widget elementor-widget-image\" data-id=\"4dc6c1e\" data-element_type=\"widget\" data-e-type=\"widget\" data-widget_type=\"image.default\">\n\t\t\t\t<div class=\"elementor-widget-container\">\n\t\t\t\t\t\t\t\t\t\t\t\t\t\t\t<img decoding=\"async\" width=\"800\" height=\"490\" data-src=\"https:\/\/bridgebuilders.de\/wp-content\/uploads\/2022\/12\/20220923_P22-0195_beteiligungsmgmt-1.svg\" class=\"attachment-large size-large wp-image-2381 lazyload\" alt=\"\" src=\"data:image\/svg+xml;base64,PHN2ZyB3aWR0aD0iMSIgaGVpZ2h0PSIxIiB4bWxucz0iaHR0cDovL3d3dy53My5vcmcvMjAwMC9zdmciPjwvc3ZnPg==\" style=\"--smush-placeholder-width: 800px; --smush-placeholder-aspect-ratio: 800\/490;\" \/>\t\t\t\t\t\t\t\t\t\t\t\t\t\t\t<\/div>\n\t\t\t\t<\/div>\n\t\t\t\t<\/div>\n\t\t<div class=\"elementor-element elementor-element-a8384fa e-con-full e-flex e-con e-child\" data-id=\"a8384fa\" data-element_type=\"container\" data-e-type=\"container\">\n\t\t\t\t<div class=\"elementor-element elementor-element-837732c elementor-widget elementor-widget-heading\" data-id=\"837732c\" data-element_type=\"widget\" data-e-type=\"widget\" data-widget_type=\"heading.default\">\n\t\t\t\t<div class=\"elementor-widget-container\">\n\t\t\t\t\t<h2 class=\"elementor-heading-title elementor-size-default\">Gemeinsam stark f\u00fcr Ihren Erfolg<\/h2>\t\t\t\t<\/div>\n\t\t\t\t<\/div>\n\t\t\t\t<div class=\"elementor-element elementor-element-9af4ab6 elementor-widget elementor-widget-text-editor\" data-id=\"9af4ab6\" data-element_type=\"widget\" data-e-type=\"widget\" data-widget_type=\"text-editor.default\">\n\t\t\t\t<div class=\"elementor-widget-container\">\n\t\t\t\t\t\t\t\t\t<p>Unser Netzwerk aus spezialisierten Partnern erm\u00f6glicht es uns, ma\u00dfgeschneiderte Beratungsl\u00f6sungen anzubieten, die auf die individuellen Bed\u00fcrfnisse und Herausforderungen unserer Kund*innen zugeschnitten sind. Wir sind stolz darauf, mit f\u00fchrenden Unternehmen in ihren jeweiligen Bereichen zusammenzuarbeiten und somit ein breites Spektrum an Expertise und Erfahrung anzubieten.<\/p><p>Wenn du mehr \u00fcber unsere Partnerschaften und Dienstleistungen erfahren m\u00f6chtest, stehen wir dir jederzeit zur Verf\u00fcgung. Kontaktiere uns gerne f\u00fcr ein pers\u00f6nliches Gespr\u00e4ch oder weitere Informationen.<\/p>\t\t\t\t\t\t\t\t<\/div>\n\t\t\t\t<\/div>\n\t\t\t\t<\/div>\n\t\t\t\t\t<\/div>\n\t\t\t\t<\/div>\n\t\t\t\t<\/div>\n\t\t","protected":false},"excerpt":{"rendered":"<p>Professionelles Netzwerk Partnerschaften f\u00fcr ganzheitliche Beratung. Ein erfolgreiches Family Office zeichnet sich nicht nur durch exzellente Beratung aus, sondern auch durch ein starkes Netzwerk an Kooperationspartnern aus verschiedenen Branchen. Bei bridge builders verstehen wir die Bedeutung dieser Partnerschaften und haben gezielt strategische Allianzen geschaffen, um ein umfassendes Beratungspotenzial anzubieten. Steuerrechtliche Expertise und mehr: Krieger &amp; [&hellip;]<\/p>\n","protected":false},"author":1,"featured_media":1345,"parent":0,"menu_order":0,"comment_status":"closed","ping_status":"closed","template":"elementor_header_footer","meta":{"footnotes":""},"class_list":["post-225","page","type-page","status-publish","has-post-thumbnail","hentry"],"_links":{"self":[{"href":"https:\/\/bridgebuilders.de\/de\/wp-json\/wp\/v2\/pages\/225","targetHints":{"allow":["GET"]}}],"collection":[{"href":"https:\/\/bridgebuilders.de\/de\/wp-json\/wp\/v2\/pages"}],"about":[{"href":"https:\/\/bridgebuilders.de\/de\/wp-json\/wp\/v2\/types\/page"}],"author":[{"embeddable":true,"href":"https:\/\/bridgebuilders.de\/de\/wp-json\/wp\/v2\/users\/1"}],"replies":[{"embeddable":true,"href":"https:\/\/bridgebuilders.de\/de\/wp-json\/wp\/v2\/comments?post=225"}],"version-history":[{"count":0,"href":"https:\/\/bridgebuilders.de\/de\/wp-json\/wp\/v2\/pages\/225\/revisions"}],"wp:featuredmedia":[{"embeddable":true,"href":"https:\/\/bridgebuilders.de\/de\/wp-json\/wp\/v2\/media\/1345"}],"wp:attachment":[{"href":"https:\/\/bridgebuilders.de\/de\/wp-json\/wp\/v2\/media?parent=225"}],"curies":[{"name":"wp","href":"https:\/\/api.w.org\/{rel}","templated":true}]}}