{"id":4481,"date":"2024-08-15T09:55:33","date_gmt":"2024-08-15T09:55:33","guid":{"rendered":"https:\/\/bridgebuilders.de\/?page_id=4481"},"modified":"2025-03-07T10:17:10","modified_gmt":"2025-03-07T10:17:10","slug":"konditionen","status":"publish","type":"page","link":"https:\/\/bridgebuilders.de\/de\/konditionen\/","title":{"rendered":"Konditionen"},"content":{"rendered":"\t\t<div data-elementor-type=\"wp-page\" data-elementor-id=\"4481\" class=\"elementor elementor-4481\" data-elementor-post-type=\"page\">\n\t\t\t\t<div class=\"elementor-element elementor-element-c6b232c e-flex e-con-boxed e-con e-parent\" data-id=\"c6b232c\" data-element_type=\"container\" data-e-type=\"container\">\n\t\t\t\t\t<div class=\"e-con-inner\">\n\t\t<div class=\"elementor-element elementor-element-5509974 e-con-full e-flex e-con e-child\" data-id=\"5509974\" data-element_type=\"container\" data-e-type=\"container\">\n\t\t\t\t<div class=\"elementor-element elementor-element-74ac29c elementor-widget elementor-widget-heading\" data-id=\"74ac29c\" data-element_type=\"widget\" data-e-type=\"widget\" data-widget_type=\"heading.default\">\n\t\t\t\t<div class=\"elementor-widget-container\">\n\t\t\t\t\t<h6 class=\"elementor-heading-title elementor-size-default\">Konditionen \n<\/h6>\t\t\t\t<\/div>\n\t\t\t\t<\/div>\n\t\t\t\t<div class=\"elementor-element elementor-element-e1f8a18 elementor-widget elementor-widget-heading\" data-id=\"e1f8a18\" data-element_type=\"widget\" data-e-type=\"widget\" data-widget_type=\"heading.default\">\n\t\t\t\t<div class=\"elementor-widget-container\">\n\t\t\t\t\t<h1 class=\"elementor-heading-title elementor-size-default\">Transparente Konditionen f\u00fcr Deine Beratungs\u00adbed\u00fcrfnisse.\n<\/h1>\t\t\t\t<\/div>\n\t\t\t\t<\/div>\n\t\t\t\t<div class=\"elementor-element elementor-element-574c2b8 strich-animation elementor-widget elementor-widget-image\" data-id=\"574c2b8\" data-element_type=\"widget\" data-e-type=\"widget\" data-widget_type=\"image.default\">\n\t\t\t\t<div class=\"elementor-widget-container\">\n\t\t\t\t\t\t\t\t\t\t\t\t\t\t\t<img decoding=\"async\" width=\"565\" height=\"12\" data-src=\"https:\/\/bridgebuilders.de\/wp-content\/uploads\/2022\/09\/Rechteck-5.png\" class=\"attachment-large size-large wp-image-55 lazyload\" alt=\"\" data-srcset=\"https:\/\/bridgebuilders.de\/wp-content\/uploads\/2022\/09\/Rechteck-5.png 565w, https:\/\/bridgebuilders.de\/wp-content\/uploads\/2022\/09\/Rechteck-5-300x6.png 300w\" data-sizes=\"(max-width: 565px) 100vw, 565px\" src=\"data:image\/svg+xml;base64,PHN2ZyB3aWR0aD0iMSIgaGVpZ2h0PSIxIiB4bWxucz0iaHR0cDovL3d3dy53My5vcmcvMjAwMC9zdmciPjwvc3ZnPg==\" style=\"--smush-placeholder-width: 565px; --smush-placeholder-aspect-ratio: 565\/12;\" \/>\t\t\t\t\t\t\t\t\t\t\t\t\t\t\t<\/div>\n\t\t\t\t<\/div>\n\t\t\t\t<div class=\"elementor-element elementor-element-83b3e06 elementor-widget elementor-widget-text-editor\" data-id=\"83b3e06\" data-element_type=\"widget\" data-e-type=\"widget\" data-widget_type=\"text-editor.default\">\n\t\t\t\t<div class=\"elementor-widget-container\">\n\t\t\t\t\t\t\t\t\t<p>Wir legen gro\u00dfen Wert auf transparente und faire Konditionen f\u00fcr unsere Leistungen. Wir bieten Dir zwei Abrechnungsmodelle an, die auf Deine individuellen Bed\u00fcrfnisse zugeschnitten sind.<\/p>\t\t\t\t\t\t\t\t<\/div>\n\t\t\t\t<\/div>\n\t\t\t\t<\/div>\n\t\t<div class=\"elementor-element elementor-element-166e298 e-con-full elementor-hidden-tablet e-flex e-con e-child\" data-id=\"166e298\" data-element_type=\"container\" data-e-type=\"container\">\n\t\t\t\t<div class=\"elementor-element elementor-element-8bd43e3 elementor-invisible elementor-widget elementor-widget-image\" data-id=\"8bd43e3\" data-element_type=\"widget\" data-e-type=\"widget\" data-settings=\"{&quot;_animation&quot;:&quot;fadeIn&quot;}\" data-widget_type=\"image.default\">\n\t\t\t\t<div class=\"elementor-widget-container\">\n\t\t\t\t\t\t\t\t\t\t\t\t\t\t\t<img decoding=\"async\" width=\"200\" height=\"200\" data-src=\"https:\/\/bridgebuilders.de\/wp-content\/uploads\/2022\/12\/EURUSDYENBPF_qua..svg\" class=\"attachment-full size-full wp-image-3150 lazyload\" alt=\"\" src=\"data:image\/svg+xml;base64,PHN2ZyB3aWR0aD0iMSIgaGVpZ2h0PSIxIiB4bWxucz0iaHR0cDovL3d3dy53My5vcmcvMjAwMC9zdmciPjwvc3ZnPg==\" style=\"--smush-placeholder-width: 200px; --smush-placeholder-aspect-ratio: 200\/200;\" \/>\t\t\t\t\t\t\t\t\t\t\t\t\t\t\t<\/div>\n\t\t\t\t<\/div>\n\t\t\t\t<\/div>\n\t\t\t\t\t<\/div>\n\t\t\t\t<\/div>\n\t\t<div class=\"elementor-element elementor-element-ad15f02 e-grid e-con-boxed e-con e-parent\" data-id=\"ad15f02\" data-element_type=\"container\" data-e-type=\"container\">\n\t\t\t\t\t<div class=\"e-con-inner\">\n\t\t<div class=\"elementor-element elementor-element-add1c9f e-con-full e-flex e-con e-child\" data-id=\"add1c9f\" data-element_type=\"container\" data-e-type=\"container\">\n\t\t<div class=\"elementor-element elementor-element-4af2b51 e-con-full e-flex e-con e-child\" data-id=\"4af2b51\" data-element_type=\"container\" data-e-type=\"container\">\n\t\t\t\t<div class=\"elementor-element elementor-element-61d0712 elementor-widget elementor-widget-heading\" data-id=\"61d0712\" data-element_type=\"widget\" data-e-type=\"widget\" data-widget_type=\"heading.default\">\n\t\t\t\t<div class=\"elementor-widget-container\">\n\t\t\t\t\t<h3 class=\"elementor-heading-title elementor-size-default\">Pauschalvereinbarung nach Bedarfsanalyse <\/h3>\t\t\t\t<\/div>\n\t\t\t\t<\/div>\n\t\t\t\t<div class=\"elementor-element elementor-element-af59246 elementor-widget elementor-widget-text-editor\" data-id=\"af59246\" data-element_type=\"widget\" data-e-type=\"widget\" data-widget_type=\"text-editor.default\">\n\t\t\t\t<div class=\"elementor-widget-container\">\n\t\t\t\t\t\t\t\t\t<p>F\u00fcr Leistungen, welche eine klare Zielsetzung haben und deren Umfang im Vorfeld definiert werden kann, bieten wir Dir eine pauschale Vereinbarung an. Diese wird individuell nach ausf\u00fchrlichen Gespr\u00e4chen und der Erfassung der Betreuungsgrundlagen kalkuliert. So k\u00f6nnen wir Dir einen transparenten \u00dcberblick \u00fcber die Kosten geben, bevor das Projekt startet. Eventuelle Anpassungen w\u00e4hrend des Projekts werden nat\u00fcrlich in Absprache mit Dir vorgenommen.<\/p>\t\t\t\t\t\t\t\t<\/div>\n\t\t\t\t<\/div>\n\t\t\t\t<\/div>\n\t\t\t\t<\/div>\n\t\t<div class=\"elementor-element elementor-element-d860906 e-con-full e-flex e-con e-child\" data-id=\"d860906\" data-element_type=\"container\" data-e-type=\"container\">\n\t\t\t\t<div class=\"elementor-element elementor-element-b1dcd64 elementor-widget elementor-widget-heading\" data-id=\"b1dcd64\" data-element_type=\"widget\" data-e-type=\"widget\" data-widget_type=\"heading.default\">\n\t\t\t\t<div class=\"elementor-widget-container\">\n\t\t\t\t\t<h3 class=\"elementor-heading-title elementor-size-default\">\nAbrechnung nach Stunden\n<\/h3>\t\t\t\t<\/div>\n\t\t\t\t<\/div>\n\t\t\t\t<div class=\"elementor-element elementor-element-511441e elementor-widget elementor-widget-text-editor\" data-id=\"511441e\" data-element_type=\"widget\" data-e-type=\"widget\" data-widget_type=\"text-editor.default\">\n\t\t\t\t<div class=\"elementor-widget-container\">\n\t\t\t\t\t\t\t\t\t<p>Alternativ bieten wir auch eine Abrechnung nach Stunden an, wobei unser Stundensatz 140 Euro betr\u00e4gt. Diese Methode eignet sich besonders f\u00fcr Projekte, deren Umfang und ben\u00f6tigte Arbeitsstunden im Voraus schwer abzusch\u00e4tzen sind. Auch hier stellen wir sicher, dass alle geleisteten Stunden transparent erfasst und Dir zur Verf\u00fcgung gestellt werden.<\/p>\t\t\t\t\t\t\t\t<\/div>\n\t\t\t\t<\/div>\n\t\t\t\t<\/div>\n\t\t<div class=\"elementor-element elementor-element-cbd80fc e-con-full e-flex e-con e-child\" data-id=\"cbd80fc\" data-element_type=\"container\" data-e-type=\"container\">\n\t\t\t\t<div class=\"elementor-element elementor-element-196ac66 elementor-widget elementor-widget-heading\" data-id=\"196ac66\" data-element_type=\"widget\" data-e-type=\"widget\" data-widget_type=\"heading.default\">\n\t\t\t\t<div class=\"elementor-widget-container\">\n\t\t\t\t\t<h3 class=\"elementor-heading-title elementor-size-default\">Zus\u00e4tzliche Kosten und Weiterberechnung\n<\/h3>\t\t\t\t<\/div>\n\t\t\t\t<\/div>\n\t\t\t\t<div class=\"elementor-element elementor-element-3af2798 elementor-widget elementor-widget-text-editor\" data-id=\"3af2798\" data-element_type=\"widget\" data-e-type=\"widget\" data-widget_type=\"text-editor.default\">\n\t\t\t\t<div class=\"elementor-widget-container\">\n\t\t\t\t\t\t\t\t\t<p>Reisekosten werden je nach Entfernung zus\u00e4tzlich zu den Beratungshonoraren abgerechnet, falls erforderlich. Innerhalb eines Projekts k\u00f6nnen Kosten von Kooperationspartnern, wie beispielsweise aus dem Bereich Marketing oder Softwareentwicklung, weiterberechnet werden. Dies geschieht transparent und nach vorheriger Absprache mit Dir.<\/p>\t\t\t\t\t\t\t\t<\/div>\n\t\t\t\t<\/div>\n\t\t\t\t<\/div>\n\t\t<div class=\"elementor-element elementor-element-0724782 e-con-full e-flex e-con e-child\" data-id=\"0724782\" data-element_type=\"container\" data-e-type=\"container\">\n\t\t\t\t<div class=\"elementor-element elementor-element-ab226f7 elementor-widget elementor-widget-heading\" data-id=\"ab226f7\" data-element_type=\"widget\" data-e-type=\"widget\" data-widget_type=\"heading.default\">\n\t\t\t\t<div class=\"elementor-widget-container\">\n\t\t\t\t\t<h3 class=\"elementor-heading-title elementor-size-default\">Besondere Regelungen bei steuerberatenden und rechtlichen Leistungen\n<\/h3>\t\t\t\t<\/div>\n\t\t\t\t<\/div>\n\t\t\t\t<div class=\"elementor-element elementor-element-7a743d8 elementor-widget elementor-widget-text-editor\" data-id=\"7a743d8\" data-element_type=\"widget\" data-e-type=\"widget\" data-widget_type=\"text-editor.default\">\n\t\t\t\t<div class=\"elementor-widget-container\">\n\t\t\t\t\t\t\t\t\t<p>F\u00fcr steuerberatende und rechtliche Dienstleistungen erfolgt die Abrechnung direkt durch den jeweiligen Leistungserbringer. Wir \u00fcbernehmen hier lediglich die Vermittlung und stellen sicher, dass Du die bestm\u00f6gliche Beratung erh\u00e4ltst.<\/p>\t\t\t\t\t\t\t\t<\/div>\n\t\t\t\t<\/div>\n\t\t\t\t<\/div>\n\t\t\t\t\t<\/div>\n\t\t\t\t<\/div>\n\t\t\t\t<\/div>\n\t\t","protected":false},"excerpt":{"rendered":"<p>Konditionen Transparente Konditionen f\u00fcr Deine Beratungs&shy;bed\u00fcrfnisse Wir legen gro\u00dfen Wert auf transparente und faire Konditionen f\u00fcr unsere Leistungen. Wir bieten Dir zwei Abrechnungsmodelle an, die auf Deine individuellen Bed\u00fcrfnisse zugeschnitten sind. Pauschalvereinbarung nach Bedarfsanalyse F\u00fcr Leistungen, welche eine klare Zielsetzung haben und deren Umfang im Vorfeld definiert werden kann, bieten wir Dir eine pauschale Vereinbarung [&hellip;]<\/p>\n","protected":false},"author":1,"featured_media":0,"parent":0,"menu_order":0,"comment_status":"closed","ping_status":"closed","template":"","meta":{"footnotes":""},"class_list":["post-4481","page","type-page","status-publish","hentry"],"_links":{"self":[{"href":"https:\/\/bridgebuilders.de\/de\/wp-json\/wp\/v2\/pages\/4481","targetHints":{"allow":["GET"]}}],"collection":[{"href":"https:\/\/bridgebuilders.de\/de\/wp-json\/wp\/v2\/pages"}],"about":[{"href":"https:\/\/bridgebuilders.de\/de\/wp-json\/wp\/v2\/types\/page"}],"author":[{"embeddable":true,"href":"https:\/\/bridgebuilders.de\/de\/wp-json\/wp\/v2\/users\/1"}],"replies":[{"embeddable":true,"href":"https:\/\/bridgebuilders.de\/de\/wp-json\/wp\/v2\/comments?post=4481"}],"version-history":[{"count":0,"href":"https:\/\/bridgebuilders.de\/de\/wp-json\/wp\/v2\/pages\/4481\/revisions"}],"wp:attachment":[{"href":"https:\/\/bridgebuilders.de\/de\/wp-json\/wp\/v2\/media?parent=4481"}],"curies":[{"name":"wp","href":"https:\/\/api.w.org\/{rel}","templated":true}]}}