{"id":4487,"date":"2024-08-15T09:58:35","date_gmt":"2024-08-15T09:58:35","guid":{"rendered":"https:\/\/bridgebuilders.de\/?page_id=4487"},"modified":"2024-11-13T12:34:13","modified_gmt":"2024-11-13T12:34:13","slug":"gruender","status":"publish","type":"page","link":"https:\/\/bridgebuilders.de\/de\/gruender\/","title":{"rendered":"Gr\u00fcnder"},"content":{"rendered":"\t\t<div data-elementor-type=\"wp-page\" data-elementor-id=\"4487\" class=\"elementor elementor-4487\" data-elementor-post-type=\"page\">\n\t\t\t\t<div class=\"elementor-element elementor-element-c39074b e-flex e-con-boxed e-con e-parent\" data-id=\"c39074b\" data-element_type=\"container\" data-e-type=\"container\">\n\t\t\t\t\t<div class=\"e-con-inner\">\n\t\t<div class=\"elementor-element elementor-element-4611917 e-con-full e-flex e-con e-child\" data-id=\"4611917\" data-element_type=\"container\" data-e-type=\"container\">\n\t\t\t\t<div class=\"elementor-element elementor-element-7c69fbf elementor-widget elementor-widget-heading\" data-id=\"7c69fbf\" data-element_type=\"widget\" data-e-type=\"widget\" data-widget_type=\"heading.default\">\n\t\t\t\t<div class=\"elementor-widget-container\">\n\t\t\t\t\t<h6 class=\"elementor-heading-title elementor-size-default\">Gr\u00fcnder + Gr\u00fcndung<\/h6>\t\t\t\t<\/div>\n\t\t\t\t<\/div>\n\t\t\t\t<div class=\"elementor-element elementor-element-5aa5dac elementor-widget elementor-widget-heading\" data-id=\"5aa5dac\" data-element_type=\"widget\" data-e-type=\"widget\" data-widget_type=\"heading.default\">\n\t\t\t\t<div class=\"elementor-widget-container\">\n\t\t\t\t\t<h1 class=\"elementor-heading-title elementor-size-default\">bridge builders.<\/h1>\t\t\t\t<\/div>\n\t\t\t\t<\/div>\n\t\t\t\t<div class=\"elementor-element elementor-element-5af33a6 strich-animation elementor-widget elementor-widget-image\" data-id=\"5af33a6\" data-element_type=\"widget\" data-e-type=\"widget\" data-widget_type=\"image.default\">\n\t\t\t\t<div class=\"elementor-widget-container\">\n\t\t\t\t\t\t\t\t\t\t\t\t\t\t\t<img decoding=\"async\" width=\"565\" height=\"12\" data-src=\"https:\/\/bridgebuilders.de\/wp-content\/uploads\/2022\/09\/Rechteck-5.png\" class=\"attachment-large size-large wp-image-55 lazyload\" alt=\"\" data-srcset=\"https:\/\/bridgebuilders.de\/wp-content\/uploads\/2022\/09\/Rechteck-5.png 565w, https:\/\/bridgebuilders.de\/wp-content\/uploads\/2022\/09\/Rechteck-5-300x6.png 300w\" data-sizes=\"(max-width: 565px) 100vw, 565px\" src=\"data:image\/svg+xml;base64,PHN2ZyB3aWR0aD0iMSIgaGVpZ2h0PSIxIiB4bWxucz0iaHR0cDovL3d3dy53My5vcmcvMjAwMC9zdmciPjwvc3ZnPg==\" style=\"--smush-placeholder-width: 565px; --smush-placeholder-aspect-ratio: 565\/12;\" \/>\t\t\t\t\t\t\t\t\t\t\t\t\t\t\t<\/div>\n\t\t\t\t<\/div>\n\t\t\t\t<div class=\"elementor-element elementor-element-7433243 elementor-widget elementor-widget-text-editor\" data-id=\"7433243\" data-element_type=\"widget\" data-e-type=\"widget\" data-widget_type=\"text-editor.default\">\n\t\t\t\t<div class=\"elementor-widget-container\">\n\t\t\t\t\t\t\t\t\t<p>Es ist ein warmer Sommerabend im sp\u00e4tsommerlichen Brasilien im Jahr\u00a0 2017. Es sind 36 Grad im Schatten, ein leichter Wind weht. Stefan arbeitet f\u00fcr die Tochtergesellschaft einer deutschen Unternehmensgruppe im S\u00fcden Brasiliens, im Bundesstaat Rio Grande do Sul. Stefan pendelt jeden Tag zu seinem Arbeitsplatz. Eine ca. 35-min\u00fctige Autofahrt von der Stadtmitte Porto Alegres in einen industriell gepr\u00e4gten Vorort der Millionenmetropole. Hektisches Treiben auf den Stra\u00dfen, brasilianische Musik im Radio. Die Tage beginnen und enden relativ entspannt &#8211; tags\u00fcber herrscht stressiges und gesch\u00e4ftiges Treiben.<\/p><p>W\u00e4hrend der R\u00fcckfahrt ins Hotel \u2013 beim Reflektieren des Tages, seiner Arbeit, der Arbeit der Kolleg*nnen \u2013 f\u00e4hrt Stefan an einem Infrastrukturprojekt vorbei. Zu dieser Zeit eines der gr\u00f6\u00dften Bauprojekte Brasiliens. Der Bau einer Br\u00fccke \u00fcber den Rio Gua\u00edba.<\/p><p>Er beobachtet wie der Bau fortschreitet &#8211; langsam, aber stetig. Beim Bau dieser Br\u00fccke treten sicherlich regelm\u00e4\u00dfig unerwartete Herausforderungen auf, denkt Stefan. Herausforderungen die zun\u00e4chst analysiert\u00a0 und verstanden werden m\u00fcssen, um anschlie\u00dfend bew\u00e4ltigt werden zu k\u00f6nnen. Und auch werden. Denn im Laufe der Zeit wird dieses Bauprojekt fertiggestellt.<\/p>\t\t\t\t\t\t\t\t<\/div>\n\t\t\t\t<\/div>\n\t\t<div class=\"elementor-element elementor-element-d4aed53 e-con-full e-flex e-con e-child\" data-id=\"d4aed53\" data-element_type=\"container\" data-e-type=\"container\">\n\t\t\t\t<div class=\"elementor-element elementor-element-d4264b6 elementor-widget elementor-widget-spacer\" data-id=\"d4264b6\" data-element_type=\"widget\" data-e-type=\"widget\" data-widget_type=\"spacer.default\">\n\t\t\t\t<div class=\"elementor-widget-container\">\n\t\t\t\t\t\t\t<div class=\"elementor-spacer\">\n\t\t\t<div class=\"elementor-spacer-inner\"><\/div>\n\t\t<\/div>\n\t\t\t\t\t\t<\/div>\n\t\t\t\t<\/div>\n\t\t\t\t<div class=\"elementor-element elementor-element-78470c8 elementor-widget elementor-widget-image\" data-id=\"78470c8\" data-element_type=\"widget\" data-e-type=\"widget\" data-widget_type=\"image.default\">\n\t\t\t\t<div class=\"elementor-widget-container\">\n\t\t\t\t\t\t\t\t\t\t\t\t\t\t\t<img fetchpriority=\"high\" decoding=\"async\" width=\"800\" height=\"881\" src=\"https:\/\/bridgebuilders.de\/wp-content\/uploads\/2022\/12\/20220923_P22-0195_ueber-uns-3.svg\" class=\"attachment-large size-large wp-image-2697\" alt=\"\" \/>\t\t\t\t\t\t\t\t\t\t\t\t\t\t\t<\/div>\n\t\t\t\t<\/div>\n\t\t\t\t<\/div>\n\t\t\t\t<\/div>\n\t\t<div class=\"elementor-element elementor-element-9f1edb6 e-con-full e-flex e-con e-child\" data-id=\"9f1edb6\" data-element_type=\"container\" data-e-type=\"container\" data-settings=\"{&quot;background_background&quot;:&quot;classic&quot;}\">\n\t\t\t\t<div class=\"elementor-element elementor-element-8b8aa59 elementor-widget elementor-widget-spacer\" data-id=\"8b8aa59\" data-element_type=\"widget\" data-e-type=\"widget\" data-widget_type=\"spacer.default\">\n\t\t\t\t<div class=\"elementor-widget-container\">\n\t\t\t\t\t\t\t<div class=\"elementor-spacer\">\n\t\t\t<div class=\"elementor-spacer-inner\"><\/div>\n\t\t<\/div>\n\t\t\t\t\t\t<\/div>\n\t\t\t\t<\/div>\n\t\t\t\t<div class=\"elementor-element elementor-element-6364fb1 elementor-hidden-tablet elementor-hidden-mobile elementor-widget elementor-widget-image\" data-id=\"6364fb1\" data-element_type=\"widget\" data-e-type=\"widget\" data-widget_type=\"image.default\">\n\t\t\t\t<div class=\"elementor-widget-container\">\n\t\t\t\t\t\t\t\t\t\t\t\t\t\t\t<img decoding=\"async\" width=\"800\" height=\"600\" data-src=\"https:\/\/bridgebuilders.de\/wp-content\/uploads\/2022\/12\/20220923_P22-0195_bridge-builders-1.svg\" class=\"attachment-large size-large wp-image-2382 lazyload\" alt=\"\" src=\"data:image\/svg+xml;base64,PHN2ZyB3aWR0aD0iMSIgaGVpZ2h0PSIxIiB4bWxucz0iaHR0cDovL3d3dy53My5vcmcvMjAwMC9zdmciPjwvc3ZnPg==\" style=\"--smush-placeholder-width: 800px; --smush-placeholder-aspect-ratio: 800\/600;\" \/>\t\t\t\t\t\t\t\t\t\t\t\t\t\t\t<\/div>\n\t\t\t\t<\/div>\n\t\t<div class=\"elementor-element elementor-element-bdc4b27 e-con-full e-flex e-con e-child\" data-id=\"bdc4b27\" data-element_type=\"container\" data-e-type=\"container\">\n\t\t\t\t<div class=\"elementor-element elementor-element-0be68a7 elementor-widget elementor-widget-spacer\" data-id=\"0be68a7\" data-element_type=\"widget\" data-e-type=\"widget\" data-widget_type=\"spacer.default\">\n\t\t\t\t<div class=\"elementor-widget-container\">\n\t\t\t\t\t\t\t<div class=\"elementor-spacer\">\n\t\t\t<div class=\"elementor-spacer-inner\"><\/div>\n\t\t<\/div>\n\t\t\t\t\t\t<\/div>\n\t\t\t\t<\/div>\n\t\t\t\t<div class=\"elementor-element elementor-element-875a5db elementor-widget elementor-widget-text-editor\" data-id=\"875a5db\" data-element_type=\"widget\" data-e-type=\"widget\" data-widget_type=\"text-editor.default\">\n\t\t\t\t<div class=\"elementor-widget-container\">\n\t\t\t\t\t\t\t\t\t<p>Stefan wird w\u00e4hrend seiner Zeit in Brasilien klar, dass das, was er tut, vergleichbar ist mit den Arbeiten der Menschen, die an diesem Bauprojekt beteiligt sind. Eben nur in der Welt einer Beteiligungsstruktur. Seine brasilianische Kollegin und er bauen Br\u00fccken. Zwischen zwei Organisationseinheiten, zwei L\u00e4ndern, zwischen Zahlen und Fakten und letztlich zwischen vielen beteiligten Menschen. Sie sind Br\u00fcckenbauer.\u00a0bridge builders.<\/p>\t\t\t\t\t\t\t\t<\/div>\n\t\t\t\t<\/div>\n\t\t\t\t<div class=\"elementor-element elementor-element-8ed2737 elementor-widget elementor-widget-text-editor\" data-id=\"8ed2737\" data-element_type=\"widget\" data-e-type=\"widget\" data-widget_type=\"text-editor.default\">\n\t\t\t\t<div class=\"elementor-widget-container\">\n\t\t\t\t\t\t\t\t\t<p>Stefans Idee f\u00fcr bridge builders reifte auch nach seiner Zeit in Brasilen weiter.<\/p><p>Als Max 2016 in das Unternehmen seines Vaters einstieg, kreisten in seiner Vision einer modernen Unternehmensberatung viele verbundene Trabanten um ein gemeinsames Zentrum; ein Netzwerk aus Wissen und F\u00e4higkeiten. In der konservativen Branche der Steuerberatung lassen sich solche Gestaltungen aufgrund diverser gesetzlicher Reglementierungen nur schwer und eingeschr\u00e4nkt umsetzen. Au\u00dferdem fehlte ihm das multikulturelle Umfeld, die Internationalit\u00e4t und ganz speziell das Kreative. Die Idee: eine zweite Gesellschaft gr\u00fcnden, Synergien nutzen und kooperativ zusammenarbeiten.<\/p><p>Beide hatten den Drang ihre Idee zu verwirklichen.\u00a0<\/p><p>Ein entsprechender Austausch begann 2020. Auch wenn der T\u00e4tigkeitsfokus von beiden nicht identisch war, so hat es sofort Klick gemacht. <strong>bridge builders<\/strong> wurde im Fr\u00fchjahr 2021 gegr\u00fcndet.<\/p>\t\t\t\t\t\t\t\t<\/div>\n\t\t\t\t<\/div>\n\t\t\t\t<\/div>\n\t\t\t\t<\/div>\n\t\t\t\t\t<\/div>\n\t\t\t\t<\/div>\n\t\t<div class=\"elementor-element elementor-element-cc9ed5e e-flex e-con-boxed elementor-invisible e-con e-parent\" data-id=\"cc9ed5e\" data-element_type=\"container\" data-e-type=\"container\" data-settings=\"{&quot;animation&quot;:&quot;slideInUp&quot;}\">\n\t\t\t\t\t<div class=\"e-con-inner\">\n\t\t<div class=\"elementor-element elementor-element-71f81d4 e-flex e-con-boxed e-con e-child\" data-id=\"71f81d4\" data-element_type=\"container\" data-e-type=\"container\">\n\t\t\t\t\t<div class=\"e-con-inner\">\n\t\t<div class=\"elementor-element elementor-element-b273841 box-css e-flex e-con-boxed e-con e-child\" data-id=\"b273841\" data-element_type=\"container\" data-e-type=\"container\" data-settings=\"{&quot;background_background&quot;:&quot;classic&quot;}\">\n\t\t\t\t\t<div class=\"e-con-inner\">\n\t\t<div class=\"elementor-element elementor-element-b872c2f e-con-full e-flex e-con e-child\" data-id=\"b872c2f\" data-element_type=\"container\" data-e-type=\"container\">\n\t\t<div class=\"elementor-element elementor-element-060d021 e-con-full e-flex e-con e-child\" data-id=\"060d021\" data-element_type=\"container\" data-e-type=\"container\">\n\t\t\t\t<div class=\"elementor-element elementor-element-8e82f06 elementor-widget elementor-widget-heading\" data-id=\"8e82f06\" data-element_type=\"widget\" data-e-type=\"widget\" data-widget_type=\"heading.default\">\n\t\t\t\t<div class=\"elementor-widget-container\">\n\t\t\t\t\t<h3 class=\"elementor-heading-title elementor-size-default\">Maximilian Friedrich Krieger.<\/h3>\t\t\t\t<\/div>\n\t\t\t\t<\/div>\n\t\t\t\t<div class=\"elementor-element elementor-element-04f1811 elementor-widget elementor-widget-text-editor\" data-id=\"04f1811\" data-element_type=\"widget\" data-e-type=\"widget\" data-widget_type=\"text-editor.default\">\n\t\t\t\t<div class=\"elementor-widget-container\">\n\t\t\t\t\t\t\t\t\t<ul>\n<li>Ver\u00e4nderungs\u00admanagement | Change Management<\/li>\n<li>Unternehmens\u00adstrategie | Unternehmens\u00adgr\u00fcndung |&nbsp;&nbsp;Unternehmensaufbau<\/li>\n<li>Gesch\u00e4fts- und Organisationsentwicklung<\/li>\n<li>Projekt- und Prozessmanagement<\/li>\n<li>Corporate Social Responsibility<\/li>\n<li>Gesellschafts\u00adgestaltung | Steuergestaltung<\/li>\n<\/ul>\t\t\t\t\t\t\t\t<\/div>\n\t\t\t\t<\/div>\n\t\t\t\t<div class=\"elementor-element elementor-element-d5ae0cb elementor-shape-square e-grid-align-left e-grid-align-mobile-center elementor-grid-0 elementor-widget elementor-widget-social-icons\" data-id=\"d5ae0cb\" data-element_type=\"widget\" data-e-type=\"widget\" data-widget_type=\"social-icons.default\">\n\t\t\t\t<div class=\"elementor-widget-container\">\n\t\t\t\t\t\t\t<div class=\"elementor-social-icons-wrapper elementor-grid\" role=\"list\">\n\t\t\t\t\t\t\t<span class=\"elementor-grid-item\" role=\"listitem\">\n\t\t\t\t\t<a class=\"elementor-icon elementor-social-icon elementor-social-icon-linkedin elementor-repeater-item-4f011cb\" href=\"https:\/\/www.linkedin.com\/in\/maximilianfriedrichkrieger\/\" target=\"_blank\">\n\t\t\t\t\t\t<span class=\"elementor-screen-only\">Linkedin<\/span>\n\t\t\t\t\t\t<i aria-hidden=\"true\" class=\"fab fa-linkedin\"><\/i>\t\t\t\t\t<\/a>\n\t\t\t\t<\/span>\n\t\t\t\t\t\t\t<span class=\"elementor-grid-item\" role=\"listitem\">\n\t\t\t\t\t<a class=\"elementor-icon elementor-social-icon elementor-social-icon-xing elementor-repeater-item-25817d8\" href=\"https:\/\/www.xing.com\/profile\/MaximilianFriedrich_Krieger\/cv\" target=\"_blank\">\n\t\t\t\t\t\t<span class=\"elementor-screen-only\">Xing<\/span>\n\t\t\t\t\t\t<i aria-hidden=\"true\" class=\"fab fa-xing\"><\/i>\t\t\t\t\t<\/a>\n\t\t\t\t<\/span>\n\t\t\t\t\t<\/div>\n\t\t\t\t\t\t<\/div>\n\t\t\t\t<\/div>\n\t\t\t\t<\/div>\n\t\t<div class=\"elementor-element elementor-element-c214242 e-con-full e-flex e-con e-child\" data-id=\"c214242\" data-element_type=\"container\" data-e-type=\"container\">\n\t\t\t\t<div class=\"elementor-element elementor-element-8a0ec33 elementor-widget elementor-widget-image\" data-id=\"8a0ec33\" data-element_type=\"widget\" data-e-type=\"widget\" data-widget_type=\"image.default\">\n\t\t\t\t<div class=\"elementor-widget-container\">\n\t\t\t\t\t\t\t\t\t\t\t\t\t\t\t<img decoding=\"async\" width=\"600\" height=\"600\" data-src=\"https:\/\/bridgebuilders.de\/wp-content\/uploads\/2022\/11\/Gruppe-maskieren-3.png\" class=\"attachment-large size-large wp-image-438 lazyload\" alt=\"\" data-srcset=\"https:\/\/bridgebuilders.de\/wp-content\/uploads\/2022\/11\/Gruppe-maskieren-3.png 600w, https:\/\/bridgebuilders.de\/wp-content\/uploads\/2022\/11\/Gruppe-maskieren-3-300x300.png 300w, https:\/\/bridgebuilders.de\/wp-content\/uploads\/2022\/11\/Gruppe-maskieren-3-150x150.png 150w\" data-sizes=\"(max-width: 600px) 100vw, 600px\" src=\"data:image\/svg+xml;base64,PHN2ZyB3aWR0aD0iMSIgaGVpZ2h0PSIxIiB4bWxucz0iaHR0cDovL3d3dy53My5vcmcvMjAwMC9zdmciPjwvc3ZnPg==\" style=\"--smush-placeholder-width: 600px; --smush-placeholder-aspect-ratio: 600\/600;\" \/>\t\t\t\t\t\t\t\t\t\t\t\t\t\t\t<\/div>\n\t\t\t\t<\/div>\n\t\t\t\t<\/div>\n\t\t\t\t<\/div>\n\t\t\t\t\t<\/div>\n\t\t\t\t<\/div>\n\t\t\t\t\t<\/div>\n\t\t\t\t<\/div>\n\t\t\t\t\t<\/div>\n\t\t\t\t<\/div>\n\t\t<div class=\"elementor-element elementor-element-2c9cf59 e-flex e-con-boxed elementor-invisible e-con e-parent\" data-id=\"2c9cf59\" data-element_type=\"container\" data-e-type=\"container\" data-settings=\"{&quot;animation&quot;:&quot;slideInUp&quot;}\">\n\t\t\t\t\t<div class=\"e-con-inner\">\n\t\t<div class=\"elementor-element elementor-element-e8755d0 e-flex e-con-boxed e-con e-child\" data-id=\"e8755d0\" data-element_type=\"container\" data-e-type=\"container\">\n\t\t\t\t\t<div class=\"e-con-inner\">\n\t\t<div class=\"elementor-element elementor-element-369b49e e-con-full box-css e-flex e-con e-child\" data-id=\"369b49e\" data-element_type=\"container\" data-e-type=\"container\" data-settings=\"{&quot;background_background&quot;:&quot;classic&quot;}\">\n\t\t<div class=\"elementor-element elementor-element-6f8d51b e-con-full e-flex e-con e-child\" data-id=\"6f8d51b\" data-element_type=\"container\" data-e-type=\"container\">\n\t\t<div class=\"elementor-element elementor-element-c10c971 e-con-full e-flex e-con e-child\" data-id=\"c10c971\" data-element_type=\"container\" data-e-type=\"container\">\n\t\t\t\t<div class=\"elementor-element elementor-element-b1a70e3 elementor-widget elementor-widget-image\" data-id=\"b1a70e3\" data-element_type=\"widget\" data-e-type=\"widget\" data-widget_type=\"image.default\">\n\t\t\t\t<div class=\"elementor-widget-container\">\n\t\t\t\t\t\t\t\t\t\t\t\t\t\t\t<img decoding=\"async\" width=\"600\" height=\"600\" data-src=\"https:\/\/bridgebuilders.de\/wp-content\/uploads\/2022\/12\/stefan-giesen-freigestellt.png\" class=\"attachment-large size-large wp-image-2330 lazyload\" alt=\"\" data-srcset=\"https:\/\/bridgebuilders.de\/wp-content\/uploads\/2022\/12\/stefan-giesen-freigestellt.png 600w, https:\/\/bridgebuilders.de\/wp-content\/uploads\/2022\/12\/stefan-giesen-freigestellt-300x300.png 300w, https:\/\/bridgebuilders.de\/wp-content\/uploads\/2022\/12\/stefan-giesen-freigestellt-150x150.png 150w\" data-sizes=\"(max-width: 600px) 100vw, 600px\" src=\"data:image\/svg+xml;base64,PHN2ZyB3aWR0aD0iMSIgaGVpZ2h0PSIxIiB4bWxucz0iaHR0cDovL3d3dy53My5vcmcvMjAwMC9zdmciPjwvc3ZnPg==\" style=\"--smush-placeholder-width: 600px; --smush-placeholder-aspect-ratio: 600\/600;\" \/>\t\t\t\t\t\t\t\t\t\t\t\t\t\t\t<\/div>\n\t\t\t\t<\/div>\n\t\t\t\t<\/div>\n\t\t<div class=\"elementor-element elementor-element-16b448c e-con-full e-flex e-con e-child\" data-id=\"16b448c\" data-element_type=\"container\" data-e-type=\"container\">\n\t\t\t\t<div class=\"elementor-element elementor-element-600af58 elementor-widget elementor-widget-heading\" data-id=\"600af58\" data-element_type=\"widget\" data-e-type=\"widget\" data-widget_type=\"heading.default\">\n\t\t\t\t<div class=\"elementor-widget-container\">\n\t\t\t\t\t<h3 class=\"elementor-heading-title elementor-size-default\">Stefan  Giesen.<\/h3>\t\t\t\t<\/div>\n\t\t\t\t<\/div>\n\t\t\t\t<div class=\"elementor-element elementor-element-3070d08 elementor-widget elementor-widget-text-editor\" data-id=\"3070d08\" data-element_type=\"widget\" data-e-type=\"widget\" data-widget_type=\"text-editor.default\">\n\t\t\t\t<div class=\"elementor-widget-container\">\n\t\t\t\t\t\t\t\t\t<ul>\n<li>Family Office inkl. Verm\u00f6genssteuerung<\/li><li>Beteiligungsmanagement, insb. Beteiligungscontrolling im Ausland ans\u00e4ssiger Gesellschaften<\/li>\n<li style=\"font-size: 20px;\"><span style=\"text-align: var(--text-align); background-color: var( --e-global-color-44c81e3 ); color: var( --e-global-color-text );\">empf\u00e4ngerorientiertes Reporting<\/span><\/li><li><span style=\"background-color: transparent; text-align: var(--text-align); color: var( --e-global-color-text );\">Post Merger Integration<\/span><br><\/li>\n<li>Unternehmensgr\u00fcndungen<\/li>\n<li><span style=\"background-color: var( --e-global-color-44c81e3 ); color: var( --e-global-color-text ); text-align: var(--text-align);\">Unternehmens\u00adfinanzierung<\/span><\/li><li>Treasury, insb. Liquidit\u00e4tsplanung und -steuerung, Verm\u00f6gensaufbau und -verwaltung, Hedging<\/li>\n<li style=\"font-size: 20px;\"><span style=\"background-color: transparent; color: var( --e-global-color-text ); text-align: var(--text-align);\">Prozessmanagement, insb. Implementierung effizienter, ineinandergreifender Prozesse aus den Bereichen Finance, Accounting und Controlling<\/span><br><\/li>\n<li><span style=\"background-color: transparent; text-align: var(--text-align); color: var( --e-global-color-text );\">L\u00e4nderschwerpunkte: Deutschland, Brasilien, USA,&nbsp;<\/span><\/li>\n<\/ul>\t\t\t\t\t\t\t\t<\/div>\n\t\t\t\t<\/div>\n\t\t\t\t<div class=\"elementor-element elementor-element-ab1aedf e-grid-align-left elementor-widget__width-auto elementor-shape-circle elementor-grid-4 e-grid-align-mobile-center elementor-widget elementor-widget-social-icons\" data-id=\"ab1aedf\" data-element_type=\"widget\" data-e-type=\"widget\" data-widget_type=\"social-icons.default\">\n\t\t\t\t<div class=\"elementor-widget-container\">\n\t\t\t\t\t\t\t<div class=\"elementor-social-icons-wrapper elementor-grid\">\n\t\t\t\t\t\t\t<span class=\"elementor-grid-item\">\n\t\t\t\t\t<a class=\"elementor-icon elementor-social-icon elementor-social-icon-linkedin elementor-repeater-item-4f011cb\" href=\"https:\/\/www.linkedin.com\/in\/stefan-giesen-75234b131\/\" target=\"_blank\">\n\t\t\t\t\t\t<span class=\"elementor-screen-only\">Linkedin<\/span>\n\t\t\t\t\t\t<i aria-hidden=\"true\" class=\"fab fa-linkedin\"><\/i>\t\t\t\t\t<\/a>\n\t\t\t\t<\/span>\n\t\t\t\t\t<\/div>\n\t\t\t\t\t\t<\/div>\n\t\t\t\t<\/div>\n\t\t\t\t<\/div>\n\t\t\t\t<\/div>\n\t\t\t\t<\/div>\n\t\t\t\t\t<\/div>\n\t\t\t\t<\/div>\n\t\t\t\t\t<\/div>\n\t\t\t\t<\/div>\n\t\t\t\t<\/div>\n\t\t","protected":false},"excerpt":{"rendered":"<p>Gr\u00fcnder + Gr\u00fcndung bridge builders. Es ist ein warmer Sommerabend im sp\u00e4tsommerlichen Brasilien im Jahr\u00a0 2017. Es sind 36 Grad im Schatten, ein leichter Wind weht. Stefan arbeitet f\u00fcr die Tochtergesellschaft einer deutschen Unternehmensgruppe im S\u00fcden Brasiliens, im Bundesstaat Rio Grande do Sul. Stefan pendelt jeden Tag zu seinem Arbeitsplatz. Eine ca. 35-min\u00fctige Autofahrt von [&hellip;]<\/p>\n","protected":false},"author":1,"featured_media":0,"parent":0,"menu_order":0,"comment_status":"closed","ping_status":"closed","template":"","meta":{"footnotes":""},"class_list":["post-4487","page","type-page","status-publish","hentry"],"_links":{"self":[{"href":"https:\/\/bridgebuilders.de\/de\/wp-json\/wp\/v2\/pages\/4487","targetHints":{"allow":["GET"]}}],"collection":[{"href":"https:\/\/bridgebuilders.de\/de\/wp-json\/wp\/v2\/pages"}],"about":[{"href":"https:\/\/bridgebuilders.de\/de\/wp-json\/wp\/v2\/types\/page"}],"author":[{"embeddable":true,"href":"https:\/\/bridgebuilders.de\/de\/wp-json\/wp\/v2\/users\/1"}],"replies":[{"embeddable":true,"href":"https:\/\/bridgebuilders.de\/de\/wp-json\/wp\/v2\/comments?post=4487"}],"version-history":[{"count":0,"href":"https:\/\/bridgebuilders.de\/de\/wp-json\/wp\/v2\/pages\/4487\/revisions"}],"wp:attachment":[{"href":"https:\/\/bridgebuilders.de\/de\/wp-json\/wp\/v2\/media?parent=4487"}],"curies":[{"name":"wp","href":"https:\/\/api.w.org\/{rel}","templated":true}]}}