{"id":4603,"date":"2024-09-06T15:16:07","date_gmt":"2024-09-06T15:16:07","guid":{"rendered":"https:\/\/bridgebuilders.de\/?page_id=4603"},"modified":"2025-03-07T10:26:41","modified_gmt":"2025-03-07T10:26:41","slug":"startseite-alternativ","status":"publish","type":"page","link":"https:\/\/bridgebuilders.de\/de\/","title":{"rendered":"Startseite"},"content":{"rendered":"\t\t<div data-elementor-type=\"wp-page\" data-elementor-id=\"4603\" class=\"elementor elementor-4603\" data-elementor-post-type=\"page\">\n\t\t\t\t<div class=\"elementor-element elementor-element-73010d00 e-flex e-con-boxed e-con e-parent\" data-id=\"73010d00\" data-element_type=\"container\" data-e-type=\"container\">\n\t\t\t\t\t<div class=\"e-con-inner\">\n\t\t<div class=\"elementor-element elementor-element-1f0fc797 e-con-full e-flex e-con e-child\" data-id=\"1f0fc797\" data-element_type=\"container\" data-e-type=\"container\">\n\t\t\t\t<div class=\"elementor-element elementor-element-42300974 elementor-widget elementor-widget-heading\" data-id=\"42300974\" data-element_type=\"widget\" data-e-type=\"widget\" data-widget_type=\"heading.default\">\n\t\t\t\t<div class=\"elementor-widget-container\">\n\t\t\t\t\t<div class=\"elementor-heading-title elementor-size-default\">Euer Partner f\u00fcr Family Office und Beteiligungsmanagement<\/div>\t\t\t\t<\/div>\n\t\t\t\t<\/div>\n\t\t\t\t<div class=\"elementor-element elementor-element-786ad509 elementor-widget elementor-widget-heading\" data-id=\"786ad509\" data-element_type=\"widget\" data-e-type=\"widget\" data-widget_type=\"heading.default\">\n\t\t\t\t<div class=\"elementor-widget-container\">\n\t\t\t\t\t<h1 class=\"elementor-heading-title elementor-size-default\">Verm\u00f6gen bewahren und ausbauen.\n<\/h1>\t\t\t\t<\/div>\n\t\t\t\t<\/div>\n\t\t\t\t<div class=\"elementor-element elementor-element-7af161d7 strich-animation elementor-widget elementor-widget-image\" data-id=\"7af161d7\" data-element_type=\"widget\" data-e-type=\"widget\" data-widget_type=\"image.default\">\n\t\t\t\t<div class=\"elementor-widget-container\">\n\t\t\t\t\t\t\t\t\t\t\t\t\t\t\t<img decoding=\"async\" width=\"565\" height=\"12\" data-src=\"https:\/\/bridgebuilders.de\/wp-content\/uploads\/2024\/09\/Rechteck-5.png\" class=\"attachment-large size-large wp-image-4607 lazyload\" alt=\"\" data-srcset=\"https:\/\/bridgebuilders.de\/wp-content\/uploads\/2024\/09\/Rechteck-5.png 565w, https:\/\/bridgebuilders.de\/wp-content\/uploads\/2024\/09\/Rechteck-5-300x6.png 300w\" data-sizes=\"(max-width: 565px) 100vw, 565px\" src=\"data:image\/svg+xml;base64,PHN2ZyB3aWR0aD0iMSIgaGVpZ2h0PSIxIiB4bWxucz0iaHR0cDovL3d3dy53My5vcmcvMjAwMC9zdmciPjwvc3ZnPg==\" style=\"--smush-placeholder-width: 565px; --smush-placeholder-aspect-ratio: 565\/12;\" \/>\t\t\t\t\t\t\t\t\t\t\t\t\t\t\t<\/div>\n\t\t\t\t<\/div>\n\t\t\t\t<div class=\"elementor-element elementor-element-61b19b4a elementor-widget elementor-widget-text-editor\" data-id=\"61b19b4a\" data-element_type=\"widget\" data-e-type=\"widget\" data-widget_type=\"text-editor.default\">\n\t\t\t\t<div class=\"elementor-widget-container\">\n\t\t\t\t\t\t\t\t\t<p>Willkommen bei bridge builders.&nbsp;<\/p>\n<p><strong>Unsere Mission:<\/strong>&nbsp;Verm\u00f6gen generationen\u00fcbergreifend zu sichern und zu vermehren. Mit ma\u00dfgeschneiderten L\u00f6sungen und umfassender Beratung helfen wir Dir, Deine finanziellen Ziele zu erreichen und den Wohlstand Deiner Familie, Deiner Beteiligung zu wahren und auszubauen. Vertraue auf unsere Expertise und unser Engagement.<\/p>\t\t\t\t\t\t\t\t<\/div>\n\t\t\t\t<\/div>\n\t\t\t\t<\/div>\n\t\t<div class=\"elementor-element elementor-element-28fa6e68 e-con-full e-flex e-con e-child\" data-id=\"28fa6e68\" data-element_type=\"container\" data-e-type=\"container\">\n\t\t\t\t<div class=\"elementor-element elementor-element-35bc7069 elementor-align-center elementor-widget elementor-widget-lottie\" data-id=\"35bc7069\" data-element_type=\"widget\" data-e-type=\"widget\" data-settings=\"{&quot;source_json&quot;:{&quot;url&quot;:&quot;https:\\\/\\\/bridgebuilders.de\\\/wp-content\\\/uploads\\\/2024\\\/09\\\/221107_0195-BRIB_animation_website_07-ohne-schweben.json&quot;,&quot;id&quot;:&quot;4610&quot;,&quot;size&quot;:&quot;&quot;},&quot;loop&quot;:&quot;yes&quot;,&quot;play_speed&quot;:{&quot;unit&quot;:&quot;px&quot;,&quot;size&quot;:0.59999999999999998,&quot;sizes&quot;:[]},&quot;source&quot;:&quot;media_file&quot;,&quot;caption_source&quot;:&quot;none&quot;,&quot;link_to&quot;:&quot;none&quot;,&quot;trigger&quot;:&quot;arriving_to_viewport&quot;,&quot;viewport&quot;:{&quot;unit&quot;:&quot;%&quot;,&quot;size&quot;:&quot;&quot;,&quot;sizes&quot;:{&quot;start&quot;:0,&quot;end&quot;:100}},&quot;start_point&quot;:{&quot;unit&quot;:&quot;%&quot;,&quot;size&quot;:0,&quot;sizes&quot;:[]},&quot;end_point&quot;:{&quot;unit&quot;:&quot;%&quot;,&quot;size&quot;:100,&quot;sizes&quot;:[]},&quot;renderer&quot;:&quot;svg&quot;}\" data-widget_type=\"lottie.default\">\n\t\t\t\t<div class=\"elementor-widget-container\">\n\t\t\t\t\t<div class=\"e-lottie__container\"><div class=\"e-lottie__animation\"><\/div><\/div>\t\t\t\t<\/div>\n\t\t\t\t<\/div>\n\t\t\t\t<\/div>\n\t\t\t\t\t<\/div>\n\t\t\t\t<\/div>\n\t\t<div class=\"elementor-element elementor-element-27dfb8fe e-flex e-con-boxed elementor-invisible e-con e-parent\" data-id=\"27dfb8fe\" data-element_type=\"container\" data-e-type=\"container\" data-settings=\"{&quot;animation&quot;:&quot;slideInUp&quot;}\">\n\t\t\t\t\t<div class=\"e-con-inner\">\n\t\t<div class=\"elementor-element elementor-element-a0e6513 e-con-full box-css e-flex e-con e-child\" data-id=\"a0e6513\" data-element_type=\"container\" data-e-type=\"container\" data-settings=\"{&quot;background_background&quot;:&quot;gradient&quot;}\">\n\t\t<div class=\"elementor-element elementor-element-250bde57 e-con-full e-flex e-con e-child\" data-id=\"250bde57\" data-element_type=\"container\" data-e-type=\"container\">\n\t\t<div class=\"elementor-element elementor-element-7c373632 e-flex e-con-boxed e-con e-child\" data-id=\"7c373632\" data-element_type=\"container\" data-e-type=\"container\">\n\t\t\t\t\t<div class=\"e-con-inner\">\n\t\t\t\t<div class=\"elementor-element elementor-element-2b51f3fa elementor-invisible elementor-widget elementor-widget-image\" data-id=\"2b51f3fa\" data-element_type=\"widget\" data-e-type=\"widget\" data-settings=\"{&quot;_animation&quot;:&quot;fadeIn&quot;}\" data-widget_type=\"image.default\">\n\t\t\t\t<div class=\"elementor-widget-container\">\n\t\t\t\t\t\t\t\t\t\t\t\t\t\t\t<img fetchpriority=\"high\" decoding=\"async\" width=\"800\" height=\"473\" src=\"https:\/\/bridgebuilders.de\/wp-content\/uploads\/2024\/09\/20220923_P22-0195_projekte-1.svg\" class=\"attachment-large size-large wp-image-4613\" alt=\"\" \/>\t\t\t\t\t\t\t\t\t\t\t\t\t\t\t<\/div>\n\t\t\t\t<\/div>\n\t\t\t\t\t<\/div>\n\t\t\t\t<\/div>\n\t\t<div class=\"elementor-element elementor-element-5f4bed67 e-con-full e-flex e-con e-child\" data-id=\"5f4bed67\" data-element_type=\"container\" data-e-type=\"container\">\n\t\t\t\t<div class=\"elementor-element elementor-element-712d4dca elementor-widget elementor-widget-heading\" data-id=\"712d4dca\" data-element_type=\"widget\" data-e-type=\"widget\" data-widget_type=\"heading.default\">\n\t\t\t\t<div class=\"elementor-widget-container\">\n\t\t\t\t\t<h6 class=\"elementor-heading-title elementor-size-default\">Portfolio<\/h6>\t\t\t\t<\/div>\n\t\t\t\t<\/div>\n\t\t\t\t<div class=\"elementor-element elementor-element-61dead0a elementor-widget elementor-widget-heading\" data-id=\"61dead0a\" data-element_type=\"widget\" data-e-type=\"widget\" data-widget_type=\"heading.default\">\n\t\t\t\t<div class=\"elementor-widget-container\">\n\t\t\t\t\t<h2 class=\"elementor-heading-title elementor-size-default\">Ma\u00df\u00adgeschneiderte L\u00f6sungen f\u00fcr Dein Family Office.<\/h2>\t\t\t\t<\/div>\n\t\t\t\t<\/div>\n\t\t\t\t<div class=\"elementor-element elementor-element-317db663 elementor-widget elementor-widget-button\" data-id=\"317db663\" data-element_type=\"widget\" data-e-type=\"widget\" data-widget_type=\"button.default\">\n\t\t\t\t<div class=\"elementor-widget-container\">\n\t\t\t\t\t\t\t\t\t<div class=\"elementor-button-wrapper\">\n\t\t\t\t\t<a class=\"elementor-button elementor-button-link elementor-size-sm\" href=\"https:\/\/bridgebuilders.de\/portfolio\/\">\n\t\t\t\t\t\t<span class=\"elementor-button-content-wrapper\">\n\t\t\t\t\t\t\t\t\t<span class=\"elementor-button-text\">Jetzt entdecken<\/span>\n\t\t\t\t\t<\/span>\n\t\t\t\t\t<\/a>\n\t\t\t\t<\/div>\n\t\t\t\t\t\t\t\t<\/div>\n\t\t\t\t<\/div>\n\t\t\t\t<\/div>\n\t\t\t\t<\/div>\n\t\t\t\t<\/div>\n\t\t\t\t\t<\/div>\n\t\t\t\t<\/div>\n\t\t<div class=\"elementor-element elementor-element-18de6799 e-flex e-con-boxed e-con e-parent\" data-id=\"18de6799\" data-element_type=\"container\" data-e-type=\"container\">\n\t\t\t\t\t<div class=\"e-con-inner\">\n\t\t<div class=\"elementor-element elementor-element-575b0a12 e-con-full e-flex e-con e-child\" data-id=\"575b0a12\" data-element_type=\"container\" data-e-type=\"container\">\n\t\t\t\t<div class=\"elementor-element elementor-element-1b658909 elementor-widget elementor-widget-heading\" data-id=\"1b658909\" data-element_type=\"widget\" data-e-type=\"widget\" data-widget_type=\"heading.default\">\n\t\t\t\t<div class=\"elementor-widget-container\">\n\t\t\t\t\t<h2 class=\"elementor-heading-title elementor-size-default\">\u00dcber uns<\/h2>\t\t\t\t<\/div>\n\t\t\t\t<\/div>\n\t\t\t\t<div class=\"elementor-element elementor-element-2830a654 elementor-widget__width-initial elementor-widget elementor-widget-text-editor\" data-id=\"2830a654\" data-element_type=\"widget\" data-e-type=\"widget\" data-widget_type=\"text-editor.default\">\n\t\t\t\t<div class=\"elementor-widget-container\">\n\t\t\t\t\t\t\t\t\t<p>Wir sind Max und Stefan und f\u00fchren gemeinsam bridge builders.<\/p>\n<p>bridge builders ist&nbsp;eine etablierte und zeitgeistorientiere Beratungsgesellschaft f\u00fcr Unternehmen, Privati\u00e8ren und Privatiers.<\/p>\n<p>Wir bieten <b>Beratung <\/b>und <b>Umsetzung&nbsp;<\/b>basierend auf unseren Erfahrungen und unserer Fachexpertise.<\/p>\n<p>Wir arbeiten mit einem Netzwerk aus Partner*innen, die ein umfassendes Know-How entlang der gesamten betriebs-wirtschaftlichen Wertsch\u00f6pfungskette bieten.<\/p>\t\t\t\t\t\t\t\t<\/div>\n\t\t\t\t<\/div>\n\t\t<div class=\"elementor-element elementor-element-7d9d93e e-con-full e-flex e-con e-child\" data-id=\"7d9d93e\" data-element_type=\"container\" data-e-type=\"container\">\n\t\t\t\t<div class=\"elementor-element elementor-element-ddac255 elementor-widget elementor-widget-button\" data-id=\"ddac255\" data-element_type=\"widget\" data-e-type=\"widget\" data-widget_type=\"button.default\">\n\t\t\t\t<div class=\"elementor-widget-container\">\n\t\t\t\t\t\t\t\t\t<div class=\"elementor-button-wrapper\">\n\t\t\t\t\t<a class=\"elementor-button elementor-button-link elementor-size-sm\" href=\"https:\/\/bridgebuilders.de\/de\/gruender\/\">\n\t\t\t\t\t\t<span class=\"elementor-button-content-wrapper\">\n\t\t\t\t\t\t\t\t\t<span class=\"elementor-button-text\">... mehr \u00fcber uns...<\/span>\n\t\t\t\t\t<\/span>\n\t\t\t\t\t<\/a>\n\t\t\t\t<\/div>\n\t\t\t\t\t\t\t\t<\/div>\n\t\t\t\t<\/div>\n\t\t\t\t<\/div>\n\t\t\t\t<\/div>\n\t\t<div class=\"elementor-element elementor-element-7f667ff2 e-con-full e-flex e-con e-child\" data-id=\"7f667ff2\" data-element_type=\"container\" data-e-type=\"container\">\n\t\t\t\t<div class=\"elementor-element elementor-element-61e79435 box-css elementor-widget elementor-widget-video\" data-id=\"61e79435\" data-element_type=\"widget\" data-e-type=\"widget\" data-settings=\"{&quot;video_type&quot;:&quot;hosted&quot;,&quot;mute&quot;:&quot;yes&quot;,&quot;controls&quot;:&quot;yes&quot;}\" data-widget_type=\"video.default\">\n\t\t\t\t<div class=\"elementor-widget-container\">\n\t\t\t\t\t\t\t<div class=\"e-hosted-video elementor-wrapper elementor-open-inline\">\n\t\t\t\t\t<video class=\"elementor-video\" src=\"https:\/\/bridgebuilders.de\/wp-content\/uploads\/2024\/09\/221129_0195-BRIB_erklaervideo-deutsch.mp4\" controls=\"\" preload=\"metadata\" muted=\"muted\" controlsList=\"nodownload\" poster=\"https:\/\/bridgebuilders.de\/wp-content\/uploads\/2024\/09\/221129_0195-BRIB_erklaervideo-deutsch.00_00_07_02.Still002.jpg\"><\/video>\n\t\t\t\t<\/div>\n\t\t\t\t\t\t<\/div>\n\t\t\t\t<\/div>\n\t\t\t\t<\/div>\n\t\t\t\t\t<\/div>\n\t\t\t\t<\/div>\n\t\t<div class=\"elementor-element elementor-element-4ddb1870 e-grid e-con-boxed e-con e-parent\" data-id=\"4ddb1870\" data-element_type=\"container\" data-e-type=\"container\">\n\t\t\t\t\t<div class=\"e-con-inner\">\n\t\t<div class=\"elementor-element elementor-element-79fad468 e-con-full e-flex e-con e-child\" data-id=\"79fad468\" data-element_type=\"container\" data-e-type=\"container\">\n\t\t\t\t<div class=\"elementor-element elementor-element-637e81e8 elementor-widget elementor-widget-heading\" data-id=\"637e81e8\" data-element_type=\"widget\" data-e-type=\"widget\" data-widget_type=\"heading.default\">\n\t\t\t\t<div class=\"elementor-widget-container\">\n\t\t\t\t\t<h3 class=\"elementor-heading-title elementor-size-default\">Nutzen<\/h3>\t\t\t\t<\/div>\n\t\t\t\t<\/div>\n\t\t\t\t<div class=\"elementor-element elementor-element-43ff5a72 elementor-widget elementor-widget-text-editor\" data-id=\"43ff5a72\" data-element_type=\"widget\" data-e-type=\"widget\" data-widget_type=\"text-editor.default\">\n\t\t\t\t<div class=\"elementor-widget-container\">\n\t\t\t\t\t\t\t\t\t<p>Entlasten, berichten und steuern.<\/p><p>Wir entlasten und begleiten Dich.Von der Buchhaltung bis zu Bankgespr\u00e4chen. Von der Idee bis zur Entscheidungsfindung. Beratung und Umsetzung. Wir pr\u00e4sentieren Dir die Entwicklung Deiner Entscheidungen fortlaufend transparent.<\/p>\t\t\t\t\t\t\t\t<\/div>\n\t\t\t\t<\/div>\n\t\t\t\t<div class=\"elementor-element elementor-element-9cda681 elementor-widget elementor-widget-text-editor\" data-id=\"9cda681\" data-element_type=\"widget\" data-e-type=\"widget\" data-widget_type=\"text-editor.default\">\n\t\t\t\t<div class=\"elementor-widget-container\">\n\t\t\t\t\t\t\t\t\t<p style=\"text-align: center;\"><em>&#8222;Tr\u00e4ume dir dein Leben sch\u00f6n und mach aus diesen Tr\u00e4umen eine Realit\u00e4t.&#8220;\u00a0<\/em><\/p><p style=\"text-align: center;\"><em>Marie Curie<\/em><\/p>\t\t\t\t\t\t\t\t<\/div>\n\t\t\t\t<\/div>\n\t\t\t\t<\/div>\n\t\t<div class=\"elementor-element elementor-element-6b3c744a e-con-full e-flex e-con e-child\" data-id=\"6b3c744a\" data-element_type=\"container\" data-e-type=\"container\">\n\t\t\t\t<div class=\"elementor-element elementor-element-476ce874 elementor-widget elementor-widget-heading\" data-id=\"476ce874\" data-element_type=\"widget\" data-e-type=\"widget\" data-widget_type=\"heading.default\">\n\t\t\t\t<div class=\"elementor-widget-container\">\n\t\t\t\t\t<h3 class=\"elementor-heading-title elementor-size-default\">Ziel<\/h3>\t\t\t\t<\/div>\n\t\t\t\t<\/div>\n\t\t\t\t<div class=\"elementor-element elementor-element-3d8e01e3 elementor-widget elementor-widget-text-editor\" data-id=\"3d8e01e3\" data-element_type=\"widget\" data-e-type=\"widget\" data-widget_type=\"text-editor.default\">\n\t\t\t\t<div class=\"elementor-widget-container\">\n\t\t\t\t\t\t\t\t\t<p>Sichern, bewahren und ausbauen.<\/p><p>Wir arbeiten an der Sicherung Deines Verm\u00f6gens, Deines Generationenverm\u00f6gens. Wir zeigen Potentiale und Risiken Deines gesamten Engagements auf und leiten Empfehlungen ab. Diese pr\u00e4sentieren wir Dir empf\u00e4ngerorientiert.<\/p>\t\t\t\t\t\t\t\t<\/div>\n\t\t\t\t<\/div>\n\t\t\t\t<div class=\"elementor-element elementor-element-e23f9d0 elementor-widget elementor-widget-text-editor\" data-id=\"e23f9d0\" data-element_type=\"widget\" data-e-type=\"widget\" data-widget_type=\"text-editor.default\">\n\t\t\t\t<div class=\"elementor-widget-container\">\n\t\t\t\t\t\t\t\t\t<p style=\"text-align: center;\"><em>&#8222;Chance is the first step you take,<br \/><\/em><em>luck is what comes afterward.&#8220;<\/em><\/p><p style=\"text-align: center;\"><em>Amy Tan<\/em><\/p>\t\t\t\t\t\t\t\t<\/div>\n\t\t\t\t<\/div>\n\t\t\t\t<\/div>\n\t\t<div class=\"elementor-element elementor-element-65792138 e-con-full e-flex e-con e-child\" data-id=\"65792138\" data-element_type=\"container\" data-e-type=\"container\">\n\t\t\t\t<div class=\"elementor-element elementor-element-cc6b066 elementor-widget elementor-widget-heading\" data-id=\"cc6b066\" data-element_type=\"widget\" data-e-type=\"widget\" data-widget_type=\"heading.default\">\n\t\t\t\t<div class=\"elementor-widget-container\">\n\t\t\t\t\t<h3 class=\"elementor-heading-title elementor-size-default\">Aktion und Reaktion <\/h3>\t\t\t\t<\/div>\n\t\t\t\t<\/div>\n\t\t\t\t<div class=\"elementor-element elementor-element-188c1883 elementor-widget elementor-widget-text-editor\" data-id=\"188c1883\" data-element_type=\"widget\" data-e-type=\"widget\" data-widget_type=\"text-editor.default\">\n\t\t\t\t<div class=\"elementor-widget-container\">\n\t\t\t\t\t\t\t\t\t<p>Denken, agieren und reagieren.<\/p><p>Reagieren ist gut. Eine Mischung aus \u00dcberlegung, aktiver Handlung im Vorfeld des Eintritts eines Ereignisses und die \u00fcberlegte aber dennoch z\u00fcgige Reaktion auf unvorhergesehene Ereignisse ist unseres Erachtens eine geeignetere Handlungsweise.\u00a0<\/p>\t\t\t\t\t\t\t\t<\/div>\n\t\t\t\t<\/div>\n\t\t\t\t<div class=\"elementor-element elementor-element-f152e07 elementor-widget elementor-widget-text-editor\" data-id=\"f152e07\" data-element_type=\"widget\" data-e-type=\"widget\" data-widget_type=\"text-editor.default\">\n\t\t\t\t<div class=\"elementor-widget-container\">\n\t\t\t\t\t\t\t\t\t<p style=\"text-align: center;\"><em>&#8222;You should never view your challenges as a disadvantage. Instead, it&#8217;s important for you to understand that your experience facing and overcoming adversity is actually one of your biggest advantages.&#8220;<\/em><\/p>\n<p style=\"text-align: center;\"><em>Michelle Obama<\/em><\/p>\t\t\t\t\t\t\t\t<\/div>\n\t\t\t\t<\/div>\n\t\t\t\t<\/div>\n\t\t\t\t\t<\/div>\n\t\t\t\t<\/div>\n\t\t<div class=\"elementor-element elementor-element-68327a26 e-flex e-con-boxed elementor-invisible e-con e-parent\" data-id=\"68327a26\" data-element_type=\"container\" data-e-type=\"container\" data-settings=\"{&quot;animation&quot;:&quot;slideInUp&quot;}\">\n\t\t\t\t\t<div class=\"e-con-inner\">\n\t\t<div class=\"elementor-element elementor-element-2447795f e-con-full box-css e-flex e-con e-child\" data-id=\"2447795f\" data-element_type=\"container\" data-e-type=\"container\" data-settings=\"{&quot;background_background&quot;:&quot;gradient&quot;}\">\n\t\t<div class=\"elementor-element elementor-element-6393c79b e-con-full e-flex e-con e-child\" data-id=\"6393c79b\" data-element_type=\"container\" data-e-type=\"container\">\n\t\t<div class=\"elementor-element elementor-element-39b771a4 e-flex e-con-boxed e-con e-child\" data-id=\"39b771a4\" data-element_type=\"container\" data-e-type=\"container\">\n\t\t\t\t\t<div class=\"e-con-inner\">\n\t\t\t\t<div class=\"elementor-element elementor-element-36ba2181 elementor-invisible elementor-widget elementor-widget-image\" data-id=\"36ba2181\" data-element_type=\"widget\" data-e-type=\"widget\" data-settings=\"{&quot;_animation&quot;:&quot;fadeIn&quot;}\" data-widget_type=\"image.default\">\n\t\t\t\t<div class=\"elementor-widget-container\">\n\t\t\t\t\t\t\t\t\t\t\t\t\t\t\t<img decoding=\"async\" width=\"800\" height=\"949\" data-src=\"https:\/\/bridgebuilders.de\/wp-content\/uploads\/2024\/09\/20220923_P22-0195_netzwerk-1.svg\" class=\"attachment-large size-large wp-image-4627 lazyload\" alt=\"\" src=\"data:image\/svg+xml;base64,PHN2ZyB3aWR0aD0iMSIgaGVpZ2h0PSIxIiB4bWxucz0iaHR0cDovL3d3dy53My5vcmcvMjAwMC9zdmciPjwvc3ZnPg==\" style=\"--smush-placeholder-width: 800px; --smush-placeholder-aspect-ratio: 800\/949;\" \/>\t\t\t\t\t\t\t\t\t\t\t\t\t\t\t<\/div>\n\t\t\t\t<\/div>\n\t\t\t\t\t<\/div>\n\t\t\t\t<\/div>\n\t\t<div class=\"elementor-element elementor-element-8e3a597 e-con-full e-flex e-con e-child\" data-id=\"8e3a597\" data-element_type=\"container\" data-e-type=\"container\">\n\t\t\t\t<div class=\"elementor-element elementor-element-1ebfb6a1 elementor-widget elementor-widget-heading\" data-id=\"1ebfb6a1\" data-element_type=\"widget\" data-e-type=\"widget\" data-widget_type=\"heading.default\">\n\t\t\t\t<div class=\"elementor-widget-container\">\n\t\t\t\t\t<h6 class=\"elementor-heading-title elementor-size-default\">Br\u00fccken zu Kooperationen.\n<\/h6>\t\t\t\t<\/div>\n\t\t\t\t<\/div>\n\t\t\t\t<div class=\"elementor-element elementor-element-2cd52ef4 elementor-widget elementor-widget-heading\" data-id=\"2cd52ef4\" data-element_type=\"widget\" data-e-type=\"widget\" data-widget_type=\"heading.default\">\n\t\t\t\t<div class=\"elementor-widget-container\">\n\t\t\t\t\t<h2 class=\"elementor-heading-title elementor-size-default\">Netzwerke f\u00fcr grenzenloses Know-how und Deinen Erfolg.\n<\/h2>\t\t\t\t<\/div>\n\t\t\t\t<\/div>\n\t\t\t\t<div class=\"elementor-element elementor-element-330b4c3d elementor-widget elementor-widget-button\" data-id=\"330b4c3d\" data-element_type=\"widget\" data-e-type=\"widget\" data-widget_type=\"button.default\">\n\t\t\t\t<div class=\"elementor-widget-container\">\n\t\t\t\t\t\t\t\t\t<div class=\"elementor-button-wrapper\">\n\t\t\t\t\t<a class=\"elementor-button elementor-button-link elementor-size-sm\" href=\"https:\/\/bridgebuilders.de\/de\/netzwerk\/\">\n\t\t\t\t\t\t<span class=\"elementor-button-content-wrapper\">\n\t\t\t\t\t\t\t\t\t<span class=\"elementor-button-text\">Jetzt entdecken<\/span>\n\t\t\t\t\t<\/span>\n\t\t\t\t\t<\/a>\n\t\t\t\t<\/div>\n\t\t\t\t\t\t\t\t<\/div>\n\t\t\t\t<\/div>\n\t\t\t\t<\/div>\n\t\t\t\t<\/div>\n\t\t\t\t<\/div>\n\t\t\t\t\t<\/div>\n\t\t\t\t<\/div>\n\t\t\t\t<\/div>\n\t\t","protected":false},"excerpt":{"rendered":"<p>Euer Partner f\u00fcr Family Office und Beteiligungsmanagement Verm\u00f6gen bewahren und ausbauen. Willkommen bei bridge builders.&nbsp; Unsere Mission:&nbsp;Verm\u00f6gen generationen\u00fcbergreifend zu sichern und zu vermehren. Mit ma\u00dfgeschneiderten L\u00f6sungen und umfassender Beratung helfen wir Dir, Deine finanziellen Ziele zu erreichen und den Wohlstand Deiner Familie, Deiner Beteiligung zu wahren und auszubauen. Vertraue auf unsere Expertise und unser Engagement. [&hellip;]<\/p>\n","protected":false},"author":1,"featured_media":0,"parent":0,"menu_order":0,"comment_status":"closed","ping_status":"closed","template":"","meta":{"footnotes":""},"class_list":["post-4603","page","type-page","status-publish","hentry"],"_links":{"self":[{"href":"https:\/\/bridgebuilders.de\/de\/wp-json\/wp\/v2\/pages\/4603","targetHints":{"allow":["GET"]}}],"collection":[{"href":"https:\/\/bridgebuilders.de\/de\/wp-json\/wp\/v2\/pages"}],"about":[{"href":"https:\/\/bridgebuilders.de\/de\/wp-json\/wp\/v2\/types\/page"}],"author":[{"embeddable":true,"href":"https:\/\/bridgebuilders.de\/de\/wp-json\/wp\/v2\/users\/1"}],"replies":[{"embeddable":true,"href":"https:\/\/bridgebuilders.de\/de\/wp-json\/wp\/v2\/comments?post=4603"}],"version-history":[{"count":0,"href":"https:\/\/bridgebuilders.de\/de\/wp-json\/wp\/v2\/pages\/4603\/revisions"}],"wp:attachment":[{"href":"https:\/\/bridgebuilders.de\/de\/wp-json\/wp\/v2\/media?parent=4603"}],"curies":[{"name":"wp","href":"https:\/\/api.w.org\/{rel}","templated":true}]}}